{"id":2335,"date":"2022-05-12T11:17:10","date_gmt":"2022-05-12T09:17:10","guid":{"rendered":"https:\/\/www.odjodagua-hotel.com\/praia\/"},"modified":"2022-05-12T12:31:51","modified_gmt":"2022-05-12T10:31:51","slug":"praia","status":"publish","type":"page","link":"https:\/\/www.odjodagua-hotel.com\/pt-pt\/praia\/","title":{"rendered":"Praia"},"content":{"rendered":"<p>[et_pb_section fb_built=&#8221;1&#8243; admin_label=&#8221;section&#8221; _builder_version=&#8221;4.17.3&#8243; use_background_color_gradient=&#8221;on&#8221; background_color_gradient_stops=&#8221;rgba(0,0,0,0.4) 0%|rgba(0,0,0,0.3) 100%&#8221; background_color_gradient_overlays_image=&#8221;on&#8221; background_color_gradient_start=&#8221;rgba(0,0,0,0.4)&#8221; background_color_gradient_end=&#8221;rgba(0,0,0,0.3)&#8221; background_image=&#8221;https:\/\/www.odjodagua-hotel.com\/wp-content\/uploads\/2021\/12\/Praja.jpg&#8221; positioning=&#8221;none&#8221; max_width=&#8221;100%&#8221; module_alignment=&#8221;center&#8221; min_height=&#8221;600px&#8221; min_height_tablet=&#8221;500px&#8221; min_height_phone=&#8221;500px&#8221; min_height_last_edited=&#8221;on|phone&#8221; hover_enabled=&#8221;0&#8243; custom_css_main_element=&#8221;display:flex;||align-items:center;&#8221; da_disable_devices=&#8221;off|off|off&#8221; global_colors_info=&#8221;{}&#8221; theme_builder_area=&#8221;post_content&#8221; title_text=&#8221;Praja&#8221; background_position=&#8221;center_right&#8221; sticky_enabled=&#8221;0&#8243; da_is_popup=&#8221;off&#8221; da_exit_intent=&#8221;off&#8221; da_has_close=&#8221;on&#8221; da_alt_close=&#8221;off&#8221; da_dark_close=&#8221;off&#8221; da_not_modal=&#8221;on&#8221; da_is_singular=&#8221;off&#8221; da_with_loader=&#8221;off&#8221; da_has_shadow=&#8221;on&#8221;][et_pb_row _builder_version=&#8221;4.16&#8243; _module_preset=&#8221;default&#8221; width=&#8221;95%&#8221; custom_margin_tablet=&#8221;10vw||10vw||true|false&#8221; custom_margin_phone=&#8221;16vw||16vw||true|false&#8221; custom_margin_last_edited=&#8221;on|phone&#8221; custom_padding=&#8221;||||false|false&#8221; global_colors_info=&#8221;{}&#8221; theme_builder_area=&#8221;post_content&#8221;][et_pb_column type=&#8221;4_4&#8243; _builder_version=&#8221;4.16&#8243; _module_preset=&#8221;default&#8221; global_colors_info=&#8221;{}&#8221; theme_builder_area=&#8221;post_content&#8221;][et_pb_text _builder_version=&#8221;4.17.3&#8243; _module_preset=&#8221;default&#8221; text_font=&#8221;|600|||||||&#8221; text_text_color=&#8221;#FFFFFF&#8221; header_font=&#8221;||||||||&#8221; header_text_align=&#8221;center&#8221; header_text_color=&#8221;#FFFFFF&#8221; header_font_size=&#8221;120px&#8221; header_line_height=&#8221;0.8em&#8221; text_orientation=&#8221;center&#8221; custom_margin=&#8221;||0px||false|false&#8221; custom_padding=&#8221;||||true|false&#8221; hover_enabled=&#8221;0&#8243; header_font_size_tablet=&#8221;13vw&#8221; header_font_size_phone=&#8221;16vw&#8221; header_font_size_last_edited=&#8221;on|desktop&#8221; text_text_shadow_style=&#8221;preset1&#8243; global_colors_info=&#8221;{}&#8221; theme_builder_area=&#8221;post_content&#8221; sticky_enabled=&#8221;0&#8243;]<\/p>\n<h1>Praia<\/h1>\n<p>[\/et_pb_text][\/et_pb_column][\/et_pb_row][\/et_pb_section][et_pb_section fb_built=&#8221;1&#8243; _builder_version=&#8221;4.16&#8243; _module_preset=&#8221;default&#8221; custom_padding=&#8221;||||false|false&#8221; da_disable_devices=&#8221;off|off|off&#8221; global_colors_info=&#8221;{}&#8221; theme_builder_area=&#8221;post_content&#8221; da_is_popup=&#8221;off&#8221; da_exit_intent=&#8221;off&#8221; da_has_close=&#8221;on&#8221; da_alt_close=&#8221;off&#8221; da_dark_close=&#8221;off&#8221; da_not_modal=&#8221;on&#8221; da_is_singular=&#8221;off&#8221; da_with_loader=&#8221;off&#8221; da_has_shadow=&#8221;on&#8221;][et_pb_row use_custom_gutter=&#8221;on&#8221; gutter_width=&#8221;2&#8243; _builder_version=&#8221;4.16&#8243; _module_preset=&#8221;default&#8221; max_width=&#8221;1440px&#8221; module_alignment=&#8221;center&#8221; custom_padding=&#8221;0px||0px||true|false&#8221; global_colors_info=&#8221;{}&#8221; theme_builder_area=&#8221;post_content&#8221;][et_pb_column type=&#8221;4_4&#8243; _builder_version=&#8221;4.16&#8243; _module_preset=&#8221;default&#8221; global_colors_info=&#8221;{}&#8221; theme_builder_area=&#8221;post_content&#8221;][et_pb_text _builder_version=&#8221;4.17.3&#8243; _module_preset=&#8221;default&#8221; header_2_font=&#8221;|600||on|||||&#8221; header_2_text_align=&#8221;left&#8221; header_2_text_color=&#8221;#67553c&#8221; header_2_font_size=&#8221;35px&#8221; header_2_letter_spacing=&#8221;2px&#8221; hover_enabled=&#8221;0&#8243; global_colors_info=&#8221;{}&#8221; theme_builder_area=&#8221;post_content&#8221; sticky_enabled=&#8221;0&#8243;]O Odjo d\u2019\u00e1gua fica situado na praia de Santa Maria, considerada a melhor e mais bonita de Cabo Verde. Com uma extens\u00e3o aproximada de 8km de areia fina e branca em combina\u00e7\u00e3o perfeita com a \u00e1gua de um azul cristalino e temperatura do oceano variando entre quente e t\u00e9pida o ano inteiro.<\/p>\n<p>A Praia de Santa Maria \u00e9 um dos maiores atractivos da ilha, sendo constantemente referenciada e evidenciada em sites de turismo internacionais. No entanto a cidade de Santa Maria est\u00e1 rodeada de praias maravilhosas como o Ant\u00f3nio de Sousa, Cabe\u00e7a de Salinas (Kite beach) e Ponta Preta, ideias para os amantes dos desportos n\u00e1uticos, sendo anualmente visitadas por milhares de praticantes de windsurf, surf e em especial kitesurf.[\/et_pb_text][\/et_pb_column][\/et_pb_row][\/et_pb_section]<\/p>\n","protected":false},"excerpt":{"rendered":"<p>PraiaO Odjo d\u2019\u00e1gua fica situado na praia de Santa Maria, considerada a melhor e mais bonita de Cabo Verde. Com uma extens\u00e3o aproximada de 8km de areia fina e branca em combina\u00e7\u00e3o perfeita com a \u00e1gua de um azul cristalino e temperatura do oceano variando entre quente e t\u00e9pida o ano inteiro. A Praia de [&hellip;]<\/p>\n","protected":false},"author":16,"featured_media":0,"parent":0,"menu_order":0,"comment_status":"closed","ping_status":"closed","template":"","meta":{"_et_pb_use_builder":"on","_et_pb_old_content":"","_et_gb_content_width":"","footnotes":""},"class_list":["post-2335","page","type-page","status-publish","hentry"],"yoast_head":"<!-- This site is optimized with the Yoast SEO plugin v25.4 - https:\/\/yoast.com\/wordpress\/plugins\/seo\/ -->\n<title>Praia | Odjo d&#039;agua Hotel<\/title>\n<meta name=\"description\" content=\"O hotel situa-se perto de uma das mais belas praias de Cabo Verde. N\u00e3o perca a oportunidade de v\u00ea-lo, reservar um quarto com a gente e desfrutar da praia de Santa Maria.\" \/>\n<meta name=\"robots\" content=\"index, follow, max-snippet:-1, max-image-preview:large, max-video-preview:-1\" \/>\n<link rel=\"canonical\" href=\"https:\/\/www.odjodagua-hotel.com\/beach\/\" \/>\n<meta property=\"og:locale\" content=\"pt_PT\" \/>\n<meta property=\"og:type\" content=\"article\" \/>\n<meta property=\"og:title\" content=\"Praia | Odjo d&#039;agua Hotel\" \/>\n<meta property=\"og:description\" content=\"O hotel situa-se perto de uma das mais belas praias de Cabo Verde. N\u00e3o perca a oportunidade de v\u00ea-lo, reservar um quarto com a gente e desfrutar da praia de Santa Maria.\" \/>\n<meta property=\"og:url\" content=\"https:\/\/www.odjodagua-hotel.com\/beach\/\" \/>\n<meta property=\"og:site_name\" content=\"Odjo d&#039;Agua\" \/>\n<meta property=\"article:modified_time\" content=\"2022-05-12T10:31:51+00:00\" \/>\n<meta name=\"twitter:card\" content=\"summary_large_image\" \/>\n<meta name=\"twitter:label1\" content=\"Tempo estimado de leitura\" \/>\n\t<meta name=\"twitter:data1\" content=\"3 minutos\" \/>\n<script type=\"application\/ld+json\" class=\"yoast-schema-graph\">{\"@context\":\"https:\/\/schema.org\",\"@graph\":[{\"@type\":\"WebPage\",\"@id\":\"https:\/\/www.odjodagua-hotel.com\/beach\/\",\"url\":\"https:\/\/www.odjodagua-hotel.com\/beach\/\",\"name\":\"Praia | Odjo d'agua Hotel\",\"isPartOf\":{\"@id\":\"https:\/\/www.odjodagua-hotel.com\/#website\"},\"datePublished\":\"2022-05-12T09:17:10+00:00\",\"dateModified\":\"2022-05-12T10:31:51+00:00\",\"description\":\"O hotel situa-se perto de uma das mais belas praias de Cabo Verde. N\u00e3o perca a oportunidade de v\u00ea-lo, reservar um quarto com a gente e desfrutar da praia de Santa Maria.\",\"breadcrumb\":{\"@id\":\"https:\/\/www.odjodagua-hotel.com\/beach\/#breadcrumb\"},\"inLanguage\":\"pt-PT\",\"potentialAction\":[{\"@type\":\"ReadAction\",\"target\":[\"https:\/\/www.odjodagua-hotel.com\/beach\/\"]}]},{\"@type\":\"BreadcrumbList\",\"@id\":\"https:\/\/www.odjodagua-hotel.com\/beach\/#breadcrumb\",\"itemListElement\":[{\"@type\":\"ListItem\",\"position\":1,\"name\":\"Home\",\"item\":\"https:\/\/www.odjodagua-hotel.com\/\"},{\"@type\":\"ListItem\",\"position\":2,\"name\":\"Praia\"}]},{\"@type\":\"WebSite\",\"@id\":\"https:\/\/www.odjodagua-hotel.com\/#website\",\"url\":\"https:\/\/www.odjodagua-hotel.com\/\",\"name\":\"Odjo d&#039;Agua\",\"description\":\"Best place to stay\",\"publisher\":{\"@id\":\"https:\/\/www.odjodagua-hotel.com\/#organization\"},\"potentialAction\":[{\"@type\":\"SearchAction\",\"target\":{\"@type\":\"EntryPoint\",\"urlTemplate\":\"https:\/\/www.odjodagua-hotel.com\/?s={search_term_string}\"},\"query-input\":{\"@type\":\"PropertyValueSpecification\",\"valueRequired\":true,\"valueName\":\"search_term_string\"}}],\"inLanguage\":\"pt-PT\"},{\"@type\":\"Organization\",\"@id\":\"https:\/\/www.odjodagua-hotel.com\/#organization\",\"name\":\"Odjo d'agua Hotel\",\"url\":\"https:\/\/www.odjodagua-hotel.com\/\",\"logo\":{\"@type\":\"ImageObject\",\"inLanguage\":\"pt-PT\",\"@id\":\"https:\/\/www.odjodagua-hotel.com\/#\/schema\/logo\/image\/\",\"url\":\"https:\/\/www.odjodagua-hotel.com\/wp-content\/uploads\/2022\/04\/Logo-Odjo-d-agua.png\",\"contentUrl\":\"https:\/\/www.odjodagua-hotel.com\/wp-content\/uploads\/2022\/04\/Logo-Odjo-d-agua.png\",\"width\":256,\"height\":256,\"caption\":\"Odjo d'agua Hotel\"},\"image\":{\"@id\":\"https:\/\/www.odjodagua-hotel.com\/#\/schema\/logo\/image\/\"}}]}<\/script>\n<!-- \/ Yoast SEO plugin. -->","yoast_head_json":{"title":"Praia | Odjo d'agua Hotel","description":"O hotel situa-se perto de uma das mais belas praias de Cabo Verde. N\u00e3o perca a oportunidade de v\u00ea-lo, reservar um quarto com a gente e desfrutar da praia de Santa Maria.","robots":{"index":"index","follow":"follow","max-snippet":"max-snippet:-1","max-image-preview":"max-image-preview:large","max-video-preview":"max-video-preview:-1"},"canonical":"https:\/\/www.odjodagua-hotel.com\/beach\/","og_locale":"pt_PT","og_type":"article","og_title":"Praia | Odjo d'agua Hotel","og_description":"O hotel situa-se perto de uma das mais belas praias de Cabo Verde. N\u00e3o perca a oportunidade de v\u00ea-lo, reservar um quarto com a gente e desfrutar da praia de Santa Maria.","og_url":"https:\/\/www.odjodagua-hotel.com\/beach\/","og_site_name":"Odjo d&#039;Agua","article_modified_time":"2022-05-12T10:31:51+00:00","twitter_card":"summary_large_image","twitter_misc":{"Tempo estimado de leitura":"3 minutos"},"schema":{"@context":"https:\/\/schema.org","@graph":[{"@type":"WebPage","@id":"https:\/\/www.odjodagua-hotel.com\/beach\/","url":"https:\/\/www.odjodagua-hotel.com\/beach\/","name":"Praia | Odjo d'agua Hotel","isPartOf":{"@id":"https:\/\/www.odjodagua-hotel.com\/#website"},"datePublished":"2022-05-12T09:17:10+00:00","dateModified":"2022-05-12T10:31:51+00:00","description":"O hotel situa-se perto de uma das mais belas praias de Cabo Verde. N\u00e3o perca a oportunidade de v\u00ea-lo, reservar um quarto com a gente e desfrutar da praia de Santa Maria.","breadcrumb":{"@id":"https:\/\/www.odjodagua-hotel.com\/beach\/#breadcrumb"},"inLanguage":"pt-PT","potentialAction":[{"@type":"ReadAction","target":["https:\/\/www.odjodagua-hotel.com\/beach\/"]}]},{"@type":"BreadcrumbList","@id":"https:\/\/www.odjodagua-hotel.com\/beach\/#breadcrumb","itemListElement":[{"@type":"ListItem","position":1,"name":"Home","item":"https:\/\/www.odjodagua-hotel.com\/"},{"@type":"ListItem","position":2,"name":"Praia"}]},{"@type":"WebSite","@id":"https:\/\/www.odjodagua-hotel.com\/#website","url":"https:\/\/www.odjodagua-hotel.com\/","name":"Odjo d&#039;Agua","description":"Best place to stay","publisher":{"@id":"https:\/\/www.odjodagua-hotel.com\/#organization"},"potentialAction":[{"@type":"SearchAction","target":{"@type":"EntryPoint","urlTemplate":"https:\/\/www.odjodagua-hotel.com\/?s={search_term_string}"},"query-input":{"@type":"PropertyValueSpecification","valueRequired":true,"valueName":"search_term_string"}}],"inLanguage":"pt-PT"},{"@type":"Organization","@id":"https:\/\/www.odjodagua-hotel.com\/#organization","name":"Odjo d'agua Hotel","url":"https:\/\/www.odjodagua-hotel.com\/","logo":{"@type":"ImageObject","inLanguage":"pt-PT","@id":"https:\/\/www.odjodagua-hotel.com\/#\/schema\/logo\/image\/","url":"https:\/\/www.odjodagua-hotel.com\/wp-content\/uploads\/2022\/04\/Logo-Odjo-d-agua.png","contentUrl":"https:\/\/www.odjodagua-hotel.com\/wp-content\/uploads\/2022\/04\/Logo-Odjo-d-agua.png","width":256,"height":256,"caption":"Odjo d'agua Hotel"},"image":{"@id":"https:\/\/www.odjodagua-hotel.com\/#\/schema\/logo\/image\/"}}]}},"_links":{"self":[{"href":"https:\/\/www.odjodagua-hotel.com\/pt-pt\/wp-json\/wp\/v2\/pages\/2335","targetHints":{"allow":["GET"]}}],"collection":[{"href":"https:\/\/www.odjodagua-hotel.com\/pt-pt\/wp-json\/wp\/v2\/pages"}],"about":[{"href":"https:\/\/www.odjodagua-hotel.com\/pt-pt\/wp-json\/wp\/v2\/types\/page"}],"author":[{"embeddable":true,"href":"https:\/\/www.odjodagua-hotel.com\/pt-pt\/wp-json\/wp\/v2\/users\/16"}],"replies":[{"embeddable":true,"href":"https:\/\/www.odjodagua-hotel.com\/pt-pt\/wp-json\/wp\/v2\/comments?post=2335"}],"version-history":[{"count":2,"href":"https:\/\/www.odjodagua-hotel.com\/pt-pt\/wp-json\/wp\/v2\/pages\/2335\/revisions"}],"predecessor-version":[{"id":2337,"href":"https:\/\/www.odjodagua-hotel.com\/pt-pt\/wp-json\/wp\/v2\/pages\/2335\/revisions\/2337"}],"wp:attachment":[{"href":"https:\/\/www.odjodagua-hotel.com\/pt-pt\/wp-json\/wp\/v2\/media?parent=2335"}],"curies":[{"name":"wp","href":"https:\/\/api.w.org\/{rel}","templated":true}]}}