{"id":2123,"date":"2022-04-11T08:10:54","date_gmt":"2022-04-11T06:10:54","guid":{"rendered":"https:\/\/odjodagua.socialpix.it\/terms-and-conditions\/"},"modified":"2022-10-25T12:44:52","modified_gmt":"2022-10-25T10:44:52","slug":"terms-and-conditions","status":"publish","type":"page","link":"https:\/\/www.odjodagua-hotel.com\/pt-pt\/terms-and-conditions\/","title":{"rendered":"Termos e condi\u00e7\u00f5es"},"content":{"rendered":"<p>[et_pb_section fb_built=&#8221;1&#8243; admin_label=&#8221;section&#8221; _builder_version=&#8221;4.16&#8243; use_background_color_gradient=&#8221;on&#8221; background_color_gradient_stops=&#8221;rgba(0,0,0,0.4) 0%|rgba(0,0,0,0.3) 100%&#8221; background_color_gradient_overlays_image=&#8221;on&#8221; background_color_gradient_start=&#8221;rgba(0,0,0,0.4)&#8221; background_color_gradient_end=&#8221;rgba(0,0,0,0.3)&#8221; background_image=&#8221;https:\/\/www.odjodagua-hotel.com\/wp-content\/uploads\/2022\/01\/odjodagua-interior.jpg&#8221; positioning=&#8221;none&#8221; max_width=&#8221;100%&#8221; module_alignment=&#8221;center&#8221; min_height=&#8221;600px&#8221; min_height_tablet=&#8221;500px&#8221; min_height_phone=&#8221;500px&#8221; min_height_last_edited=&#8221;on|phone&#8221; custom_css_main_element=&#8221;display:flex;||align-items:center;&#8221; da_disable_devices=&#8221;off|off|off&#8221; global_colors_info=&#8221;{}&#8221; da_is_popup=&#8221;off&#8221; da_exit_intent=&#8221;off&#8221; da_has_close=&#8221;on&#8221; da_alt_close=&#8221;off&#8221; da_dark_close=&#8221;off&#8221; da_not_modal=&#8221;on&#8221; da_is_singular=&#8221;off&#8221; da_with_loader=&#8221;off&#8221; da_has_shadow=&#8221;on&#8221;][et_pb_row _builder_version=&#8221;4.16&#8243; _module_preset=&#8221;default&#8221; width=&#8221;95%&#8221; custom_margin_tablet=&#8221;10vw||10vw||true|false&#8221; custom_margin_phone=&#8221;16vw||16vw||true|false&#8221; custom_margin_last_edited=&#8221;on|phone&#8221; custom_padding=&#8221;||||false|false&#8221; global_colors_info=&#8221;{}&#8221;][et_pb_column type=&#8221;4_4&#8243; _builder_version=&#8221;4.16&#8243; _module_preset=&#8221;default&#8221; global_colors_info=&#8221;{}&#8221;][et_pb_text _builder_version=&#8221;4.17.2&#8243; _module_preset=&#8221;default&#8221; text_font=&#8221;|600|||||||&#8221; text_text_color=&#8221;#FFFFFF&#8221; header_font=&#8221;||||||||&#8221; header_text_align=&#8221;center&#8221; header_text_color=&#8221;#FFFFFF&#8221; header_font_size=&#8221;120px&#8221; header_line_height=&#8221;0.8em&#8221; text_orientation=&#8221;center&#8221; custom_margin=&#8221;||0px||false|false&#8221; custom_padding=&#8221;||||true|false&#8221; header_font_size_tablet=&#8221;13vw&#8221; header_font_size_phone=&#8221;16vw&#8221; header_font_size_last_edited=&#8221;on|desktop&#8221; text_text_shadow_style=&#8221;preset1&#8243; global_colors_info=&#8221;{}&#8221;]<\/p>\n<h1>Termos e condi\u00e7\u00f5es<\/h1>\n<p>[\/et_pb_text][\/et_pb_column][\/et_pb_row][\/et_pb_section][et_pb_section fb_built=&#8221;1&#8243; _builder_version=&#8221;4.16&#8243; _module_preset=&#8221;default&#8221; custom_padding=&#8221;||||false|false&#8221; da_disable_devices=&#8221;off|off|off&#8221; global_colors_info=&#8221;{}&#8221; da_is_popup=&#8221;off&#8221; da_exit_intent=&#8221;off&#8221; da_has_close=&#8221;on&#8221; da_alt_close=&#8221;off&#8221; da_dark_close=&#8221;off&#8221; da_not_modal=&#8221;on&#8221; da_is_singular=&#8221;off&#8221; da_with_loader=&#8221;off&#8221; da_has_shadow=&#8221;on&#8221;][et_pb_row use_custom_gutter=&#8221;on&#8221; gutter_width=&#8221;2&#8243; _builder_version=&#8221;4.16&#8243; _module_preset=&#8221;default&#8221; max_width=&#8221;1440px&#8221; module_alignment=&#8221;center&#8221; custom_padding=&#8221;0px||0px||true|false&#8221; global_colors_info=&#8221;{}&#8221;][et_pb_column type=&#8221;4_4&#8243; _builder_version=&#8221;4.16&#8243; _module_preset=&#8221;default&#8221; global_colors_info=&#8221;{}&#8221;][et_pb_text _builder_version=&#8221;4.18.0&#8243; _module_preset=&#8221;default&#8221; header_2_font=&#8221;|600|||||||&#8221; header_2_text_align=&#8221;left&#8221; header_2_text_color=&#8221;#67553c&#8221; header_2_font_size=&#8221;30px&#8221; header_2_letter_spacing=&#8221;2px&#8221; hover_enabled=&#8221;0&#8243; global_colors_info=&#8221;{}&#8221; sticky_enabled=&#8221;0&#8243;]<\/p>\n<h2>Pol\u00edtica de Reservas<\/h2>\n<p>Quartos &#8211; Todos os pre\u00e7os indicados incluem 15% de IVA<\/p>\n<p>&#8211; A tarifa de quarto inclui pequeno-almo\u00e7o<\/p>\n<p>&#8211; A tarifa de quarto n\u00e3o inclui a Taxa de Turismo: 220 CVE \/ por noite \/ por pessoa ( maiores de 16 anos)<\/p>\n<p>&#8211; O quarto est\u00e1 disponivel a partir das 14h00 do dia da chegada at\u00e9 \u00e0s 12h00 do dia da partida<\/p>\n<p>&#8211; Day-use \/ Late check-out: Pre\u00e7o de uma noite extra sem pequeno-almo\u00e7o, confirmada mediante disponibilidade do quarto.<\/p>\n<p>&#8211; A meia-pens\u00e3o inclui o jantar ( men\u00fa do dia) no restaurante Farolim<\/p>\n<p>&nbsp;<\/p>\n<h2>Condi\u00e7\u00f5es de Pagamento e Cancelamento<\/h2>\n<p><b>AT\u00c9 30 DE SETEMBRO.22<\/b><\/p>\n<p>&#8211; cobran\u00e7a de 10% do valor total da reserva no momento da reserva<\/p>\n<p>&#8211; cancelamento gratuito at\u00e9 2 dias antes da chegada<\/p>\n<p>&#8211; cobran\u00e7a saldo restante no check in pela Recep\u00e7\u00e3o<\/p>\n<p>&#8211; cancelamento menos que 2 dias antes \u2013 penalidade =n\u00e3o devolvemos a cau\u00e7\u00e3o<\/p>\n<p>&nbsp;<\/p>\n<p><b>1 OUTUBRO.22 A 31 MAR\u00c7O.23<\/b><\/p>\n<p>&#8211; cobran\u00e7a de 100% no momento da reserva<\/p>\n<p>&#8211; cancelamento gratuito at\u00e9 7 dias antes da chegada<\/p>\n<p>&#8211; cancelamento entre 7 e 1 dias \u2013 penalidade de 50% da reserva<\/p>\n<p>&#8211; cancelamento no mesmo dia \u2013 considerado NO-SHOW = penalidade de 100%<\/p>\n<p>&nbsp;<\/p>\n<p><strong><u>TRANSFER\u00caNCIAS BANC\u00c1RIAS<\/u><\/strong> \u2013 Apenas ser\u00e3o aceites para bancos nacionais. Nesse caso a reserva dever ser feita por email (reservas@odjodagua-hotel.com)<\/p>\n<p><strong>\u00a0<\/strong><\/p>\n<p>[\/et_pb_text][\/et_pb_column][\/et_pb_row][\/et_pb_section]<\/p>\n","protected":false},"excerpt":{"rendered":"<p>Termos e condi\u00e7\u00f5esPol\u00edtica de Reservas Quartos &#8211; Todos os pre\u00e7os indicados incluem 15% de IVA &#8211; A tarifa de quarto inclui pequeno-almo\u00e7o &#8211; A tarifa de quarto n\u00e3o inclui a Taxa de Turismo: 220 CVE \/ por noite \/ por pessoa ( maiores de 16 anos) &#8211; O quarto est\u00e1 disponivel a partir das 14h00 [&hellip;]<\/p>\n","protected":false},"author":16,"featured_media":0,"parent":0,"menu_order":0,"comment_status":"closed","ping_status":"closed","template":"","meta":{"_et_pb_use_builder":"on","_et_pb_old_content":"","_et_gb_content_width":"","footnotes":""},"class_list":["post-2123","page","type-page","status-publish","hentry"],"yoast_head":"<!-- This site is optimized with the Yoast SEO plugin v25.4 - https:\/\/yoast.com\/wordpress\/plugins\/seo\/ -->\n<title>Termos e condi\u00e7\u00f5es | Odjo d&#039;agua Hotel<\/title>\n<meta name=\"description\" content=\"Nesta sec\u00e7\u00e3o pode ler os termos e condi\u00e7\u00f5es de reserva no hotel Odjo d&#039;agua\" \/>\n<meta name=\"robots\" content=\"index, follow, max-snippet:-1, max-image-preview:large, max-video-preview:-1\" \/>\n<link rel=\"canonical\" href=\"https:\/\/www.odjodagua-hotel.com\/terms-and-conditions\/\" \/>\n<meta property=\"og:locale\" content=\"pt_PT\" \/>\n<meta property=\"og:type\" content=\"article\" \/>\n<meta property=\"og:title\" content=\"Termos e condi\u00e7\u00f5es | Odjo d&#039;agua Hotel\" \/>\n<meta property=\"og:description\" content=\"Nesta sec\u00e7\u00e3o pode ler os termos e condi\u00e7\u00f5es de reserva no hotel Odjo d&#039;agua\" \/>\n<meta property=\"og:url\" content=\"https:\/\/www.odjodagua-hotel.com\/terms-and-conditions\/\" \/>\n<meta property=\"og:site_name\" content=\"Odjo d&#039;Agua\" \/>\n<meta property=\"article:modified_time\" content=\"2022-10-25T10:44:52+00:00\" \/>\n<meta name=\"twitter:card\" content=\"summary_large_image\" \/>\n<meta name=\"twitter:label1\" content=\"Tempo estimado de leitura\" \/>\n\t<meta name=\"twitter:data1\" content=\"3 minutos\" \/>\n<script type=\"application\/ld+json\" class=\"yoast-schema-graph\">{\"@context\":\"https:\/\/schema.org\",\"@graph\":[{\"@type\":\"WebPage\",\"@id\":\"https:\/\/www.odjodagua-hotel.com\/terms-and-conditions\/\",\"url\":\"https:\/\/www.odjodagua-hotel.com\/terms-and-conditions\/\",\"name\":\"Termos e condi\u00e7\u00f5es | Odjo d'agua Hotel\",\"isPartOf\":{\"@id\":\"https:\/\/www.odjodagua-hotel.com\/#website\"},\"datePublished\":\"2022-04-11T06:10:54+00:00\",\"dateModified\":\"2022-10-25T10:44:52+00:00\",\"description\":\"Nesta sec\u00e7\u00e3o pode ler os termos e condi\u00e7\u00f5es de reserva no hotel Odjo d'agua\",\"breadcrumb\":{\"@id\":\"https:\/\/www.odjodagua-hotel.com\/terms-and-conditions\/#breadcrumb\"},\"inLanguage\":\"pt-PT\",\"potentialAction\":[{\"@type\":\"ReadAction\",\"target\":[\"https:\/\/www.odjodagua-hotel.com\/terms-and-conditions\/\"]}]},{\"@type\":\"BreadcrumbList\",\"@id\":\"https:\/\/www.odjodagua-hotel.com\/terms-and-conditions\/#breadcrumb\",\"itemListElement\":[{\"@type\":\"ListItem\",\"position\":1,\"name\":\"Home\",\"item\":\"https:\/\/www.odjodagua-hotel.com\/\"},{\"@type\":\"ListItem\",\"position\":2,\"name\":\"Termos e condi\u00e7\u00f5es\"}]},{\"@type\":\"WebSite\",\"@id\":\"https:\/\/www.odjodagua-hotel.com\/#website\",\"url\":\"https:\/\/www.odjodagua-hotel.com\/\",\"name\":\"Odjo d&#039;Agua\",\"description\":\"Best place to stay\",\"publisher\":{\"@id\":\"https:\/\/www.odjodagua-hotel.com\/#organization\"},\"potentialAction\":[{\"@type\":\"SearchAction\",\"target\":{\"@type\":\"EntryPoint\",\"urlTemplate\":\"https:\/\/www.odjodagua-hotel.com\/?s={search_term_string}\"},\"query-input\":{\"@type\":\"PropertyValueSpecification\",\"valueRequired\":true,\"valueName\":\"search_term_string\"}}],\"inLanguage\":\"pt-PT\"},{\"@type\":\"Organization\",\"@id\":\"https:\/\/www.odjodagua-hotel.com\/#organization\",\"name\":\"Odjo d'agua Hotel\",\"url\":\"https:\/\/www.odjodagua-hotel.com\/\",\"logo\":{\"@type\":\"ImageObject\",\"inLanguage\":\"pt-PT\",\"@id\":\"https:\/\/www.odjodagua-hotel.com\/#\/schema\/logo\/image\/\",\"url\":\"https:\/\/www.odjodagua-hotel.com\/wp-content\/uploads\/2022\/04\/Logo-Odjo-d-agua.png\",\"contentUrl\":\"https:\/\/www.odjodagua-hotel.com\/wp-content\/uploads\/2022\/04\/Logo-Odjo-d-agua.png\",\"width\":256,\"height\":256,\"caption\":\"Odjo d'agua Hotel\"},\"image\":{\"@id\":\"https:\/\/www.odjodagua-hotel.com\/#\/schema\/logo\/image\/\"}}]}<\/script>\n<!-- \/ Yoast SEO plugin. -->","yoast_head_json":{"title":"Termos e condi\u00e7\u00f5es | Odjo d'agua Hotel","description":"Nesta sec\u00e7\u00e3o pode ler os termos e condi\u00e7\u00f5es de reserva no hotel Odjo d'agua","robots":{"index":"index","follow":"follow","max-snippet":"max-snippet:-1","max-image-preview":"max-image-preview:large","max-video-preview":"max-video-preview:-1"},"canonical":"https:\/\/www.odjodagua-hotel.com\/terms-and-conditions\/","og_locale":"pt_PT","og_type":"article","og_title":"Termos e condi\u00e7\u00f5es | Odjo d'agua Hotel","og_description":"Nesta sec\u00e7\u00e3o pode ler os termos e condi\u00e7\u00f5es de reserva no hotel Odjo d'agua","og_url":"https:\/\/www.odjodagua-hotel.com\/terms-and-conditions\/","og_site_name":"Odjo d&#039;Agua","article_modified_time":"2022-10-25T10:44:52+00:00","twitter_card":"summary_large_image","twitter_misc":{"Tempo estimado de leitura":"3 minutos"},"schema":{"@context":"https:\/\/schema.org","@graph":[{"@type":"WebPage","@id":"https:\/\/www.odjodagua-hotel.com\/terms-and-conditions\/","url":"https:\/\/www.odjodagua-hotel.com\/terms-and-conditions\/","name":"Termos e condi\u00e7\u00f5es | Odjo d'agua Hotel","isPartOf":{"@id":"https:\/\/www.odjodagua-hotel.com\/#website"},"datePublished":"2022-04-11T06:10:54+00:00","dateModified":"2022-10-25T10:44:52+00:00","description":"Nesta sec\u00e7\u00e3o pode ler os termos e condi\u00e7\u00f5es de reserva no hotel Odjo d'agua","breadcrumb":{"@id":"https:\/\/www.odjodagua-hotel.com\/terms-and-conditions\/#breadcrumb"},"inLanguage":"pt-PT","potentialAction":[{"@type":"ReadAction","target":["https:\/\/www.odjodagua-hotel.com\/terms-and-conditions\/"]}]},{"@type":"BreadcrumbList","@id":"https:\/\/www.odjodagua-hotel.com\/terms-and-conditions\/#breadcrumb","itemListElement":[{"@type":"ListItem","position":1,"name":"Home","item":"https:\/\/www.odjodagua-hotel.com\/"},{"@type":"ListItem","position":2,"name":"Termos e condi\u00e7\u00f5es"}]},{"@type":"WebSite","@id":"https:\/\/www.odjodagua-hotel.com\/#website","url":"https:\/\/www.odjodagua-hotel.com\/","name":"Odjo d&#039;Agua","description":"Best place to stay","publisher":{"@id":"https:\/\/www.odjodagua-hotel.com\/#organization"},"potentialAction":[{"@type":"SearchAction","target":{"@type":"EntryPoint","urlTemplate":"https:\/\/www.odjodagua-hotel.com\/?s={search_term_string}"},"query-input":{"@type":"PropertyValueSpecification","valueRequired":true,"valueName":"search_term_string"}}],"inLanguage":"pt-PT"},{"@type":"Organization","@id":"https:\/\/www.odjodagua-hotel.com\/#organization","name":"Odjo d'agua Hotel","url":"https:\/\/www.odjodagua-hotel.com\/","logo":{"@type":"ImageObject","inLanguage":"pt-PT","@id":"https:\/\/www.odjodagua-hotel.com\/#\/schema\/logo\/image\/","url":"https:\/\/www.odjodagua-hotel.com\/wp-content\/uploads\/2022\/04\/Logo-Odjo-d-agua.png","contentUrl":"https:\/\/www.odjodagua-hotel.com\/wp-content\/uploads\/2022\/04\/Logo-Odjo-d-agua.png","width":256,"height":256,"caption":"Odjo d'agua Hotel"},"image":{"@id":"https:\/\/www.odjodagua-hotel.com\/#\/schema\/logo\/image\/"}}]}},"_links":{"self":[{"href":"https:\/\/www.odjodagua-hotel.com\/pt-pt\/wp-json\/wp\/v2\/pages\/2123","targetHints":{"allow":["GET"]}}],"collection":[{"href":"https:\/\/www.odjodagua-hotel.com\/pt-pt\/wp-json\/wp\/v2\/pages"}],"about":[{"href":"https:\/\/www.odjodagua-hotel.com\/pt-pt\/wp-json\/wp\/v2\/types\/page"}],"author":[{"embeddable":true,"href":"https:\/\/www.odjodagua-hotel.com\/pt-pt\/wp-json\/wp\/v2\/users\/16"}],"replies":[{"embeddable":true,"href":"https:\/\/www.odjodagua-hotel.com\/pt-pt\/wp-json\/wp\/v2\/comments?post=2123"}],"version-history":[{"count":8,"href":"https:\/\/www.odjodagua-hotel.com\/pt-pt\/wp-json\/wp\/v2\/pages\/2123\/revisions"}],"predecessor-version":[{"id":2497,"href":"https:\/\/www.odjodagua-hotel.com\/pt-pt\/wp-json\/wp\/v2\/pages\/2123\/revisions\/2497"}],"wp:attachment":[{"href":"https:\/\/www.odjodagua-hotel.com\/pt-pt\/wp-json\/wp\/v2\/media?parent=2123"}],"curies":[{"name":"wp","href":"https:\/\/api.w.org\/{rel}","templated":true}]}}