{"id":1868,"date":"2022-02-24T12:39:31","date_gmt":"2022-02-24T10:39:31","guid":{"rendered":"https:\/\/www.odjodagua-hotel.com\/?page_id=1868"},"modified":"2022-08-22T18:45:49","modified_gmt":"2022-08-22T16:45:49","slug":"webcam","status":"publish","type":"page","link":"https:\/\/www.odjodagua-hotel.com\/pt-pt\/webcam\/","title":{"rendered":"Webcam"},"content":{"rendered":"<p>[et_pb_section fb_built=&#8221;1&#8243; admin_label=&#8221;section&#8221; _builder_version=&#8221;4.16&#8243; use_background_color_gradient=&#8221;on&#8221; background_color_gradient_stops=&#8221;rgba(0,0,0,0.4) 0%|rgba(0,0,0,0.3) 100%&#8221; background_color_gradient_overlays_image=&#8221;on&#8221; background_color_gradient_start=&#8221;rgba(0,0,0,0.4)&#8221; background_color_gradient_end=&#8221;rgba(0,0,0,0.3)&#8221; background_image=&#8221;https:\/\/www.odjodagua-hotel.com\/wp-content\/uploads\/2021\/12\/Homepage-hero.jpg&#8221; positioning=&#8221;none&#8221; max_width=&#8221;100%&#8221; module_alignment=&#8221;center&#8221; min_height=&#8221;600px&#8221; min_height_tablet=&#8221;500px&#8221; min_height_phone=&#8221;500px&#8221; min_height_last_edited=&#8221;on|phone&#8221; custom_css_main_element=&#8221;display:flex;||align-items:center;&#8221; da_disable_devices=&#8221;off|off|off&#8221; global_colors_info=&#8221;{}&#8221; da_is_popup=&#8221;off&#8221; da_exit_intent=&#8221;off&#8221; da_has_close=&#8221;on&#8221; da_alt_close=&#8221;off&#8221; da_dark_close=&#8221;off&#8221; da_not_modal=&#8221;on&#8221; da_is_singular=&#8221;off&#8221; da_with_loader=&#8221;off&#8221; da_has_shadow=&#8221;on&#8221;][et_pb_row _builder_version=&#8221;4.16&#8243; _module_preset=&#8221;default&#8221; width=&#8221;95%&#8221; custom_margin_tablet=&#8221;10vw||10vw||true|false&#8221; custom_margin_phone=&#8221;16vw||16vw||true|false&#8221; custom_margin_last_edited=&#8221;on|phone&#8221; custom_padding=&#8221;||||false|false&#8221; global_colors_info=&#8221;{}&#8221;][et_pb_column type=&#8221;4_4&#8243; _builder_version=&#8221;4.16&#8243; _module_preset=&#8221;default&#8221; global_colors_info=&#8221;{}&#8221;][et_pb_text _builder_version=&#8221;4.17.3&#8243; _module_preset=&#8221;default&#8221; text_font=&#8221;Abhaya Libre|600|||||||&#8221; text_text_color=&#8221;#FFFFFF&#8221; text_font_size=&#8221;22px&#8221; header_font=&#8221;||||||||&#8221; header_text_align=&#8221;center&#8221; header_text_color=&#8221;#FFFFFF&#8221; header_font_size=&#8221;120px&#8221; header_line_height=&#8221;0.8em&#8221; text_orientation=&#8221;center&#8221; custom_margin=&#8221;||0px||false|false&#8221; custom_padding=&#8221;||||true|false&#8221; header_font_size_tablet=&#8221;13vw&#8221; header_font_size_phone=&#8221;16vw&#8221; header_font_size_last_edited=&#8221;on|desktop&#8221; text_text_shadow_style=&#8221;preset1&#8243; global_colors_info=&#8221;{}&#8221;]<\/p>\n<h1>Webcam<\/h1>\n<p>Acompanhe ao vivo, diariamente e, 24 horas por dia, o estado do clima maravilhoso da ilha do Sal e a beleza da Ba\u00eda de Santa Maria. Aqui, poder\u00e1 ver aonde desfrutar\u00e1 das suas f\u00e9rias ou matar as saudades e assim regressar mais r\u00e1pido.<\/p>\n<p>&nbsp;[\/et_pb_text][\/et_pb_column][\/et_pb_row][\/et_pb_section][et_pb_section fb_built=&#8221;1&#8243; custom_padding_last_edited=&#8221;off|desktop&#8221; _builder_version=&#8221;4.16&#8243; _module_preset=&#8221;default&#8221; background_color=&#8221;#FFFFFF&#8221; background_color_gradient_direction=&#8221;90deg&#8221; background_color_gradient_start=&#8221;rgba(0,0,0,0.19)&#8221; background_color_gradient_end=&#8221;rgba(0,0,0,0.45)&#8221; background_enable_image=&#8221;off&#8221; custom_padding=&#8221;0px||0px||true|false&#8221; da_disable_devices=&#8221;off|off|off&#8221; global_colors_info=&#8221;{}&#8221; da_is_popup=&#8221;off&#8221; da_exit_intent=&#8221;off&#8221; da_has_close=&#8221;on&#8221; da_alt_close=&#8221;off&#8221; da_dark_close=&#8221;off&#8221; da_not_modal=&#8221;on&#8221; da_is_singular=&#8221;off&#8221; da_with_loader=&#8221;off&#8221; da_has_shadow=&#8221;on&#8221;][et_pb_row use_custom_gutter=&#8221;on&#8221; gutter_width=&#8221;1&#8243; custom_padding_last_edited=&#8221;off|desktop&#8221; _builder_version=&#8221;4.16&#8243; _module_preset=&#8221;default&#8221; background_color=&#8221;#FFFFFF&#8221; position_origin_a=&#8221;bottom_center&#8221; vertical_offset=&#8221;-135px&#8221; width_phone=&#8221;90%&#8221; width_last_edited=&#8221;off|desktop&#8221; max_width=&#8221;1440px&#8221; module_alignment=&#8221;center&#8221; overflow-x=&#8221;visible&#8221; overflow-y=&#8221;visible&#8221; custom_padding=&#8221;0px||0px||false|false&#8221; custom_padding_tablet=&#8221;0px|8%|50px|8%|false|true&#8221; border_radii=&#8221;on|10px|10px|10px|10px&#8221; box_shadow_style=&#8221;preset1&#8243; box_shadow_color=&#8221;rgba(0,0,0,0.25)&#8221; global_colors_info=&#8221;{}&#8221; theme_builder_area=&#8221;post_content&#8221;][et_pb_column type=&#8221;4_4&#8243; _builder_version=&#8221;4.16&#8243; _module_preset=&#8221;default&#8221; global_colors_info=&#8221;{}&#8221; theme_builder_area=&#8221;post_content&#8221;][et_pb_code _builder_version=&#8221;4.17.4&#8243; _module_preset=&#8221;default&#8221; text_orientation=&#8221;center&#8221; max_height=&#8221;806px&#8221; max_height_tablet=&#8221;334px&#8221; max_height_phone=&#8221;170px&#8221; max_height_last_edited=&#8221;on|phone&#8221; global_colors_info=&#8221;{}&#8221; theme_builder_area=&#8221;post_content&#8221;]<iframe loading=\"lazy\" src=\"https:\/\/blueeyecaboverde.com\/cam1\/bd13438f-b0a1-4d67-bb0e-1e0bcb3cd254.html\" width=\"1920\" height=\"1080\" frameborder=\"no\" scrolling=\"no\" allowfullscreen=\"true\"><\/iframe>[\/et_pb_code][\/et_pb_column][\/et_pb_row][\/et_pb_section]<\/p>\n","protected":false},"excerpt":{"rendered":"<p>Webcam Acompanhe ao vivo, diariamente e, 24 horas por dia, o estado do clima maravilhoso da ilha do Sal e a beleza da Ba\u00eda de Santa Maria. Aqui, poder\u00e1 ver aonde desfrutar\u00e1 das suas f\u00e9rias ou matar as saudades e assim regressar mais r\u00e1pido. &nbsp;<\/p>\n","protected":false},"author":16,"featured_media":0,"parent":0,"menu_order":0,"comment_status":"closed","ping_status":"closed","template":"","meta":{"_et_pb_use_builder":"on","_et_pb_old_content":"","_et_gb_content_width":"","footnotes":""},"class_list":["post-1868","page","type-page","status-publish","hentry"],"yoast_head":"<!-- This site is optimized with the Yoast SEO plugin v25.4 - https:\/\/yoast.com\/wordpress\/plugins\/seo\/ -->\n<title>Webcam | Odjo d&#039;agua Hotel<\/title>\n<meta name=\"description\" content=\"Uma das mais belas praias de Cabo Verde, em tempo real!\" \/>\n<meta name=\"robots\" content=\"index, follow, max-snippet:-1, max-image-preview:large, max-video-preview:-1\" \/>\n<link rel=\"canonical\" href=\"https:\/\/www.odjodagua-hotel.com\/webcam\/\" \/>\n<meta property=\"og:locale\" content=\"pt_PT\" \/>\n<meta property=\"og:type\" content=\"article\" \/>\n<meta property=\"og:title\" content=\"Webcam | Odjo d&#039;agua Hotel\" \/>\n<meta property=\"og:description\" content=\"Uma das mais belas praias de Cabo Verde, em tempo real!\" \/>\n<meta property=\"og:url\" content=\"https:\/\/www.odjodagua-hotel.com\/webcam\/\" \/>\n<meta property=\"og:site_name\" content=\"Odjo d&#039;Agua\" \/>\n<meta property=\"article:modified_time\" content=\"2022-08-22T16:45:49+00:00\" \/>\n<meta name=\"twitter:card\" content=\"summary_large_image\" \/>\n<meta name=\"twitter:label1\" content=\"Tempo estimado de leitura\" \/>\n\t<meta name=\"twitter:data1\" content=\"3 minutos\" \/>\n<script type=\"application\/ld+json\" class=\"yoast-schema-graph\">{\"@context\":\"https:\/\/schema.org\",\"@graph\":[{\"@type\":\"WebPage\",\"@id\":\"https:\/\/www.odjodagua-hotel.com\/webcam\/\",\"url\":\"https:\/\/www.odjodagua-hotel.com\/webcam\/\",\"name\":\"Webcam | Odjo d'agua Hotel\",\"isPartOf\":{\"@id\":\"https:\/\/www.odjodagua-hotel.com\/#website\"},\"datePublished\":\"2022-02-24T10:39:31+00:00\",\"dateModified\":\"2022-08-22T16:45:49+00:00\",\"description\":\"Uma das mais belas praias de Cabo Verde, em tempo real!\",\"breadcrumb\":{\"@id\":\"https:\/\/www.odjodagua-hotel.com\/webcam\/#breadcrumb\"},\"inLanguage\":\"pt-PT\",\"potentialAction\":[{\"@type\":\"ReadAction\",\"target\":[\"https:\/\/www.odjodagua-hotel.com\/webcam\/\"]}]},{\"@type\":\"BreadcrumbList\",\"@id\":\"https:\/\/www.odjodagua-hotel.com\/webcam\/#breadcrumb\",\"itemListElement\":[{\"@type\":\"ListItem\",\"position\":1,\"name\":\"Home\",\"item\":\"https:\/\/www.odjodagua-hotel.com\/\"},{\"@type\":\"ListItem\",\"position\":2,\"name\":\"Webcam\"}]},{\"@type\":\"WebSite\",\"@id\":\"https:\/\/www.odjodagua-hotel.com\/#website\",\"url\":\"https:\/\/www.odjodagua-hotel.com\/\",\"name\":\"Odjo d&#039;Agua\",\"description\":\"Best place to stay\",\"publisher\":{\"@id\":\"https:\/\/www.odjodagua-hotel.com\/#organization\"},\"potentialAction\":[{\"@type\":\"SearchAction\",\"target\":{\"@type\":\"EntryPoint\",\"urlTemplate\":\"https:\/\/www.odjodagua-hotel.com\/?s={search_term_string}\"},\"query-input\":{\"@type\":\"PropertyValueSpecification\",\"valueRequired\":true,\"valueName\":\"search_term_string\"}}],\"inLanguage\":\"pt-PT\"},{\"@type\":\"Organization\",\"@id\":\"https:\/\/www.odjodagua-hotel.com\/#organization\",\"name\":\"Odjo d'agua Hotel\",\"url\":\"https:\/\/www.odjodagua-hotel.com\/\",\"logo\":{\"@type\":\"ImageObject\",\"inLanguage\":\"pt-PT\",\"@id\":\"https:\/\/www.odjodagua-hotel.com\/#\/schema\/logo\/image\/\",\"url\":\"https:\/\/www.odjodagua-hotel.com\/wp-content\/uploads\/2022\/04\/Logo-Odjo-d-agua.png\",\"contentUrl\":\"https:\/\/www.odjodagua-hotel.com\/wp-content\/uploads\/2022\/04\/Logo-Odjo-d-agua.png\",\"width\":256,\"height\":256,\"caption\":\"Odjo d'agua Hotel\"},\"image\":{\"@id\":\"https:\/\/www.odjodagua-hotel.com\/#\/schema\/logo\/image\/\"}}]}<\/script>\n<!-- \/ Yoast SEO plugin. -->","yoast_head_json":{"title":"Webcam | Odjo d'agua Hotel","description":"Uma das mais belas praias de Cabo Verde, em tempo real!","robots":{"index":"index","follow":"follow","max-snippet":"max-snippet:-1","max-image-preview":"max-image-preview:large","max-video-preview":"max-video-preview:-1"},"canonical":"https:\/\/www.odjodagua-hotel.com\/webcam\/","og_locale":"pt_PT","og_type":"article","og_title":"Webcam | Odjo d'agua Hotel","og_description":"Uma das mais belas praias de Cabo Verde, em tempo real!","og_url":"https:\/\/www.odjodagua-hotel.com\/webcam\/","og_site_name":"Odjo d&#039;Agua","article_modified_time":"2022-08-22T16:45:49+00:00","twitter_card":"summary_large_image","twitter_misc":{"Tempo estimado de leitura":"3 minutos"},"schema":{"@context":"https:\/\/schema.org","@graph":[{"@type":"WebPage","@id":"https:\/\/www.odjodagua-hotel.com\/webcam\/","url":"https:\/\/www.odjodagua-hotel.com\/webcam\/","name":"Webcam | Odjo d'agua Hotel","isPartOf":{"@id":"https:\/\/www.odjodagua-hotel.com\/#website"},"datePublished":"2022-02-24T10:39:31+00:00","dateModified":"2022-08-22T16:45:49+00:00","description":"Uma das mais belas praias de Cabo Verde, em tempo real!","breadcrumb":{"@id":"https:\/\/www.odjodagua-hotel.com\/webcam\/#breadcrumb"},"inLanguage":"pt-PT","potentialAction":[{"@type":"ReadAction","target":["https:\/\/www.odjodagua-hotel.com\/webcam\/"]}]},{"@type":"BreadcrumbList","@id":"https:\/\/www.odjodagua-hotel.com\/webcam\/#breadcrumb","itemListElement":[{"@type":"ListItem","position":1,"name":"Home","item":"https:\/\/www.odjodagua-hotel.com\/"},{"@type":"ListItem","position":2,"name":"Webcam"}]},{"@type":"WebSite","@id":"https:\/\/www.odjodagua-hotel.com\/#website","url":"https:\/\/www.odjodagua-hotel.com\/","name":"Odjo d&#039;Agua","description":"Best place to stay","publisher":{"@id":"https:\/\/www.odjodagua-hotel.com\/#organization"},"potentialAction":[{"@type":"SearchAction","target":{"@type":"EntryPoint","urlTemplate":"https:\/\/www.odjodagua-hotel.com\/?s={search_term_string}"},"query-input":{"@type":"PropertyValueSpecification","valueRequired":true,"valueName":"search_term_string"}}],"inLanguage":"pt-PT"},{"@type":"Organization","@id":"https:\/\/www.odjodagua-hotel.com\/#organization","name":"Odjo d'agua Hotel","url":"https:\/\/www.odjodagua-hotel.com\/","logo":{"@type":"ImageObject","inLanguage":"pt-PT","@id":"https:\/\/www.odjodagua-hotel.com\/#\/schema\/logo\/image\/","url":"https:\/\/www.odjodagua-hotel.com\/wp-content\/uploads\/2022\/04\/Logo-Odjo-d-agua.png","contentUrl":"https:\/\/www.odjodagua-hotel.com\/wp-content\/uploads\/2022\/04\/Logo-Odjo-d-agua.png","width":256,"height":256,"caption":"Odjo d'agua Hotel"},"image":{"@id":"https:\/\/www.odjodagua-hotel.com\/#\/schema\/logo\/image\/"}}]}},"_links":{"self":[{"href":"https:\/\/www.odjodagua-hotel.com\/pt-pt\/wp-json\/wp\/v2\/pages\/1868","targetHints":{"allow":["GET"]}}],"collection":[{"href":"https:\/\/www.odjodagua-hotel.com\/pt-pt\/wp-json\/wp\/v2\/pages"}],"about":[{"href":"https:\/\/www.odjodagua-hotel.com\/pt-pt\/wp-json\/wp\/v2\/types\/page"}],"author":[{"embeddable":true,"href":"https:\/\/www.odjodagua-hotel.com\/pt-pt\/wp-json\/wp\/v2\/users\/16"}],"replies":[{"embeddable":true,"href":"https:\/\/www.odjodagua-hotel.com\/pt-pt\/wp-json\/wp\/v2\/comments?post=1868"}],"version-history":[{"count":5,"href":"https:\/\/www.odjodagua-hotel.com\/pt-pt\/wp-json\/wp\/v2\/pages\/1868\/revisions"}],"predecessor-version":[{"id":2487,"href":"https:\/\/www.odjodagua-hotel.com\/pt-pt\/wp-json\/wp\/v2\/pages\/1868\/revisions\/2487"}],"wp:attachment":[{"href":"https:\/\/www.odjodagua-hotel.com\/pt-pt\/wp-json\/wp\/v2\/media?parent=1868"}],"curies":[{"name":"wp","href":"https:\/\/api.w.org\/{rel}","templated":true}]}}