{"id":1864,"date":"2022-02-16T12:25:35","date_gmt":"2022-02-16T13:25:35","guid":{"rendered":"https:\/\/www.odjodagua-hotel.com\/?page_id=1864"},"modified":"2022-04-27T18:11:54","modified_gmt":"2022-04-27T16:11:54","slug":"restaurantes","status":"publish","type":"page","link":"https:\/\/www.odjodagua-hotel.com\/pt-pt\/restaurantes\/","title":{"rendered":"Restaurantes"},"content":{"rendered":"<p>[et_pb_section fb_built=&#8221;1&#8243; admin_label=&#8221;section&#8221; _builder_version=&#8221;4.16&#8243; use_background_color_gradient=&#8221;on&#8221; background_color_gradient_stops=&#8221;rgba(0,0,0,0.4) 0%|rgba(0,0,0,0.3) 100%&#8221; background_color_gradient_overlays_image=&#8221;on&#8221; background_color_gradient_start=&#8221;rgba(0,0,0,0.4)&#8221; background_color_gradient_end=&#8221;rgba(0,0,0,0.3)&#8221; background_image=&#8221;https:\/\/www.odjodagua-hotel.com\/wp-content\/uploads\/2021\/12\/Homepage-hero.jpg&#8221; positioning=&#8221;none&#8221; max_width=&#8221;100%&#8221; module_alignment=&#8221;center&#8221; min_height=&#8221;600px&#8221; min_height_tablet=&#8221;500px&#8221; min_height_phone=&#8221;500px&#8221; min_height_last_edited=&#8221;on|phone&#8221; custom_css_main_element=&#8221;display:flex;||align-items:center;||flex-direction:column;&#8221; da_disable_devices=&#8221;off|off|off&#8221; global_colors_info=&#8221;{}&#8221; da_is_popup=&#8221;off&#8221; da_exit_intent=&#8221;off&#8221; da_has_close=&#8221;on&#8221; da_alt_close=&#8221;off&#8221; da_dark_close=&#8221;off&#8221; da_not_modal=&#8221;on&#8221; da_is_singular=&#8221;off&#8221; da_with_loader=&#8221;off&#8221; da_has_shadow=&#8221;on&#8221;][et_pb_row _builder_version=&#8221;4.16&#8243; _module_preset=&#8221;default&#8221; width=&#8221;95%&#8221; custom_margin=&#8221;|auto|0px|auto||&#8221; custom_margin_tablet=&#8221;10vw||10vw||true|false&#8221; custom_margin_phone=&#8221;8vw||8vw||true|false&#8221; custom_margin_last_edited=&#8221;on|phone&#8221; custom_padding=&#8221;0px||0px||true|false&#8221; global_colors_info=&#8221;{}&#8221;][et_pb_column type=&#8221;4_4&#8243; _builder_version=&#8221;4.16&#8243; _module_preset=&#8221;default&#8221; global_colors_info=&#8221;{}&#8221;][et_pb_text _builder_version=&#8221;4.16&#8243; _module_preset=&#8221;default&#8221; header_font=&#8221;||||||||&#8221; header_text_align=&#8221;center&#8221; header_text_color=&#8221;#FFFFFF&#8221; header_font_size=&#8221;120px&#8221; header_line_height=&#8221;0.5em&#8221; custom_margin=&#8221;||25px||false|false&#8221; custom_padding=&#8221;||||true|false&#8221; header_font_size_tablet=&#8221;100px&#8221; header_font_size_phone=&#8221;60px&#8221; header_font_size_last_edited=&#8221;on|tablet&#8221; global_colors_info=&#8221;{}&#8221;]<\/p>\n<h1>Restaurantes<\/h1>\n<p>[\/et_pb_text][\/et_pb_column][\/et_pb_row][et_pb_row column_structure=&#8221;1_3,1_3,1_3&#8243; use_custom_gutter=&#8221;on&#8221; gutter_width=&#8221;2&#8243; _builder_version=&#8221;4.16&#8243; _module_preset=&#8221;default&#8221; background_color=&#8221;RGBA(255,255,255,0)&#8221; max_width=&#8221;1100px&#8221; module_alignment=&#8221;center&#8221; custom_margin=&#8221;25px||||false|false&#8221; custom_margin_tablet=&#8221;0px||||false|false&#8221; custom_margin_phone=&#8221;0px||||false|false&#8221; custom_margin_last_edited=&#8221;on|desktop&#8221; custom_padding=&#8221;0px||0px||true|false&#8221; sticky_position=&#8221;top&#8221; sticky_position_tablet=&#8221;none&#8221; sticky_position_phone=&#8221;none&#8221; sticky_position_last_edited=&#8221;on|phone&#8221; global_colors_info=&#8221;{}&#8221; background__sticky_enabled=&#8221;on|sticky&#8221; custom_padding__sticky_enabled=&#8221;on|sticky&#8221; position_origin_r__sticky_enabled=&#8221;off|desktop&#8221; positioning__sticky_enabled=&#8221;off|desktop&#8221; position_origin_f__sticky_enabled=&#8221;off|desktop&#8221; position_origin_a__sticky_enabled=&#8221;off|desktop&#8221; positioning__sticky=&#8221;none&#8221; background_color__sticky=&#8221;#FFFFFF&#8221; background_enable_color__sticky=&#8221;on&#8221; position_origin_f__sticky=&#8221;top_center&#8221; vertical_offset__sticky_enabled=&#8221;off|desktop&#8221; custom_padding__sticky=&#8221;30px|20px|20px|20px|false|true&#8221; custom_css_main_element__sticky_enabled=&#8221;on|desktop&#8221; custom_css_main_element__sticky=&#8221;box-shadow: 0 0 15px -2px;&#8221; max_width__sticky_enabled=&#8221;off|sticky&#8221; width__sticky_enabled=&#8221;on|sticky&#8221; custom_margin__sticky_enabled=&#8221;on|desktop&#8221; custom_margin__sticky=&#8221;0px||||false|false&#8221;][et_pb_column type=&#8221;1_3&#8243; _builder_version=&#8221;4.16&#8243; _module_preset=&#8221;default&#8221; global_colors_info=&#8221;{}&#8221;][et_pb_text _builder_version=&#8221;4.16&#8243; _module_preset=&#8221;default&#8221; text_font=&#8221;|600||on|||||&#8221; text_text_color=&#8221;#FFFFFF&#8221; text_font_size=&#8221;20px&#8221; text_letter_spacing=&#8221;2px&#8221; z_index=&#8221;500&#8243; text_orientation=&#8221;center&#8221; custom_margin=&#8221;||||false|false&#8221; link_option_url=&#8221;#farolin&#8221; border_width_all=&#8221;3px&#8221; border_color_all=&#8221;#FFFFFF&#8221; global_colors_info=&#8221;{}&#8221; text_text_color__sticky_enabled=&#8221;on|sticky&#8221; text_text_color__sticky=&#8221;#ffffff&#8221; background__sticky_enabled=&#8221;on|sticky&#8221; background_color__sticky=&#8221;#67553c&#8221; background_enable_color__sticky=&#8221;on&#8221; border_width_all__sticky_enabled=&#8221;off|desktop&#8221; border_color_all__sticky_enabled=&#8221;on|sticky&#8221; border_color_all__sticky=&#8221;#67553c&#8221;]<b>FAROLIN<\/b>[\/et_pb_text][\/et_pb_column][et_pb_column type=&#8221;1_3&#8243; _builder_version=&#8221;4.16&#8243; _module_preset=&#8221;default&#8221; global_colors_info=&#8221;{}&#8221;][et_pb_text _builder_version=&#8221;4.16&#8243; _module_preset=&#8221;default&#8221; text_font=&#8221;|600||on|||||&#8221; text_text_color=&#8221;#FFFFFF&#8221; text_font_size=&#8221;20px&#8221; text_letter_spacing=&#8221;2px&#8221; background_enable_color=&#8221;off&#8221; text_orientation=&#8221;center&#8221; custom_margin=&#8221;||||false|false&#8221; link_option_url=&#8221;#esplanda-palha-verde&#8221; border_width_all=&#8221;3px&#8221; border_color_all=&#8221;#FFFFFF&#8221; global_colors_info=&#8221;{}&#8221; border_color_all__sticky_enabled=&#8221;on|desktop&#8221; background__sticky_enabled=&#8221;on|sticky&#8221; background_color__sticky=&#8221;#67553c&#8221; background_enable_color__sticky=&#8221;on&#8221; border_color_all__sticky=&#8221;#67553c&#8221;]<b>ESPLANADA PALHA VERDE<\/b>[\/et_pb_text][\/et_pb_column][et_pb_column type=&#8221;1_3&#8243; _builder_version=&#8221;4.16&#8243; _module_preset=&#8221;default&#8221; global_colors_info=&#8221;{}&#8221;][et_pb_text _builder_version=&#8221;4.16&#8243; _module_preset=&#8221;default&#8221; text_font=&#8221;|600||on|||||&#8221; text_text_color=&#8221;#FFFFFF&#8221; text_font_size=&#8221;20px&#8221; text_letter_spacing=&#8221;2px&#8221; text_orientation=&#8221;center&#8221; custom_margin=&#8221;||||false|false&#8221; link_option_url=&#8221;#damfjord-beach-bar&#8221; border_width_all=&#8221;3px&#8221; border_color_all=&#8221;#FFFFFF&#8221; global_colors_info=&#8221;{}&#8221; background__sticky_enabled=&#8221;on|sticky&#8221; background_color__sticky=&#8221;#67553c&#8221; background_enable_color__sticky=&#8221;on&#8221; border_color_all__sticky_enabled=&#8221;on|sticky&#8221; border_color_all__sticky=&#8221;#67553c&#8221;]<b>DAMFJORD BEACH BAR<\/b>[\/et_pb_text][\/et_pb_column][\/et_pb_row][\/et_pb_section][et_pb_section fb_built=&#8221;1&#8243; custom_padding_last_edited=&#8221;on|tablet&#8221; admin_label=&#8221;Section&#8221; module_id=&#8221;farolin&#8221; _builder_version=&#8221;4.16&#8243; _module_preset=&#8221;default&#8221; background_color=&#8221;#FFFFFF&#8221; width=&#8221;100%&#8221; width_tablet=&#8221;100%&#8221; width_phone=&#8221;100%&#8221; width_last_edited=&#8221;on|tablet&#8221; max_width=&#8221;100%&#8221; module_alignment=&#8221;center&#8221; custom_margin=&#8221;||||false|false&#8221; custom_padding=&#8221;14vh||14vh||true|false&#8221; custom_padding_tablet=&#8221;5vh||5vh||true|false&#8221; custom_padding_phone=&#8221;5vh||5vh||true|false&#8221; da_popup_slug=&#8221;farolin&#8221; da_disable_devices=&#8221;off|off|off&#8221; global_colors_info=&#8221;{}&#8221; da_is_popup=&#8221;off&#8221; da_exit_intent=&#8221;off&#8221; da_has_close=&#8221;on&#8221; da_alt_close=&#8221;off&#8221; da_dark_close=&#8221;off&#8221; da_not_modal=&#8221;on&#8221; da_is_singular=&#8221;off&#8221; da_with_loader=&#8221;off&#8221; da_has_shadow=&#8221;on&#8221;][et_pb_row column_structure=&#8221;1_3,2_3&#8243; use_custom_gutter=&#8221;on&#8221; gutter_width=&#8221;2&#8243; make_equal=&#8221;on&#8221; _builder_version=&#8221;4.16&#8243; _module_preset=&#8221;default&#8221; background_color=&#8221;#f8f8f8&#8243; z_index=&#8221;100&#8243; width=&#8221;95%&#8221; width_tablet=&#8221;75%&#8221; width_phone=&#8221;95%&#8221; width_last_edited=&#8221;on|tablet&#8221; max_width=&#8221;1440px&#8221; custom_padding=&#8221;0px||0px||true|false&#8221; border_radii=&#8221;on|10px|10px|10px|10px&#8221; box_shadow_style=&#8221;preset1&#8243; global_colors_info=&#8221;{}&#8221;][et_pb_column type=&#8221;1_3&#8243; _builder_version=&#8221;4.16&#8243; _module_preset=&#8221;default&#8221; background_image=&#8221;https:\/\/www.odjodagua-hotel.com\/wp-content\/uploads\/2022\/01\/Farolin-ristorante-odjo.jpg&#8221; custom_padding=&#8221;||||false|false&#8221; global_colors_info=&#8221;{}&#8221;][et_pb_divider show_divider=&#8221;off&#8221; _builder_version=&#8221;4.16&#8243; _module_preset=&#8221;default&#8221; custom_padding_tablet=&#8221;12vh||12vh||true|false&#8221; custom_padding_phone=&#8221;12vh||12vh||true|false&#8221; custom_padding_last_edited=&#8221;on|tablet&#8221; global_colors_info=&#8221;{}&#8221;][\/et_pb_divider][\/et_pb_column][et_pb_column type=&#8221;2_3&#8243; _builder_version=&#8221;4.16&#8243; _module_preset=&#8221;default&#8221; custom_padding=&#8221;2vw||2vw||true|false&#8221; global_colors_info=&#8221;{}&#8221;][et_pb_text _builder_version=&#8221;4.16&#8243; _module_preset=&#8221;default&#8221; header_text_color=&#8221;#8a8489&#8243; header_2_text_color=&#8221;#67553c&#8221; width=&#8221;95%&#8221; width_tablet=&#8221;95%&#8221; width_phone=&#8221;95%&#8221; width_last_edited=&#8221;on|tablet&#8221; module_alignment=&#8221;left&#8221; module_alignment_tablet=&#8221;center&#8221; module_alignment_phone=&#8221;center&#8221; module_alignment_last_edited=&#8221;on|desktop&#8221; global_colors_info=&#8221;{}&#8221;]<\/p>\n<h2><b>FAROLIN<\/b><\/h2>\n<p>O Farolin, especializado em peixe fresco, frutos do mar e pratos tradicionais, como a Cachupa Rica, \u00e9 um restaurante panor\u00e2mico coberto, sem janelas, de onde os nossos clientes podem desfrutar de uma magn\u00edfica vista sobre a praia e a Ba\u00eda de Santa Maria. Todas as noites \u00e0 magia do espa\u00e7o alia-se a m\u00fasica cabo-verdiana interpretada por um leque de artistas que inclui as melhores vozes da ilha.[\/et_pb_text][\/et_pb_column][\/et_pb_row][\/et_pb_section][et_pb_section fb_built=&#8221;1&#8243; admin_label=&#8221;Section&#8221; module_id=&#8221;esplanda-palha-verde&#8221; _builder_version=&#8221;4.17.2&#8243; _module_preset=&#8221;default&#8221; background_color=&#8221;#f8f8f8&#8243; width=&#8221;100%&#8221; width_tablet=&#8221;100%&#8221; width_phone=&#8221;100%&#8221; width_last_edited=&#8221;on|tablet&#8221; max_width=&#8221;100%&#8221; module_alignment=&#8221;center&#8221; custom_margin=&#8221;||||false|false&#8221; custom_padding=&#8221;14vh||14vh||true|false&#8221; hover_enabled=&#8221;0&#8243; da_popup_slug=&#8221;farolin&#8221; da_disable_devices=&#8221;off|off|off&#8221; global_colors_info=&#8221;{}&#8221; sticky_enabled=&#8221;0&#8243; da_is_popup=&#8221;off&#8221; da_exit_intent=&#8221;off&#8221; da_has_close=&#8221;on&#8221; da_alt_close=&#8221;off&#8221; da_dark_close=&#8221;off&#8221; da_not_modal=&#8221;on&#8221; da_is_singular=&#8221;off&#8221; da_with_loader=&#8221;off&#8221; da_has_shadow=&#8221;on&#8221;][et_pb_row column_structure=&#8221;1_3,2_3&#8243; use_custom_gutter=&#8221;on&#8221; gutter_width=&#8221;2&#8243; make_equal=&#8221;on&#8221; _builder_version=&#8221;4.16&#8243; _module_preset=&#8221;default&#8221; background_color=&#8221;#FFFFFF&#8221; z_index=&#8221;100&#8243; width=&#8221;95%&#8221; width_tablet=&#8221;75%&#8221; width_phone=&#8221;90%&#8221; width_last_edited=&#8221;on|phone&#8221; max_width=&#8221;1440px&#8221; custom_padding=&#8221;0px||0px||true|false&#8221; border_radii=&#8221;on|10px|10px|10px|10px&#8221; box_shadow_style=&#8221;preset1&#8243; global_colors_info=&#8221;{}&#8221;][et_pb_column type=&#8221;1_3&#8243; _builder_version=&#8221;4.16&#8243; _module_preset=&#8221;default&#8221; background_image=&#8221;https:\/\/www.odjodagua-hotel.com\/wp-content\/uploads\/2022\/01\/Esplanada-Palha-Verde-ristorante-odjo.jpg&#8221; custom_padding=&#8221;||||false|false&#8221; global_colors_info=&#8221;{}&#8221;][et_pb_divider show_divider=&#8221;off&#8221; _builder_version=&#8221;4.16&#8243; _module_preset=&#8221;default&#8221; custom_padding_tablet=&#8221;12vh||12vh||true|false&#8221; custom_padding_phone=&#8221;12vh||12vh||true|false&#8221; custom_padding_last_edited=&#8221;on|tablet&#8221; global_colors_info=&#8221;{}&#8221;][\/et_pb_divider][\/et_pb_column][et_pb_column type=&#8221;2_3&#8243; _builder_version=&#8221;4.16&#8243; _module_preset=&#8221;default&#8221; custom_padding=&#8221;2vw||2vw||true|false&#8221; global_colors_info=&#8221;{}&#8221;][et_pb_text _builder_version=&#8221;4.16&#8243; _module_preset=&#8221;default&#8221; header_text_color=&#8221;#8a8489&#8243; header_2_text_color=&#8221;#67553c&#8221; width=&#8221;95%&#8221; width_tablet=&#8221;95%&#8221; width_phone=&#8221;95%&#8221; width_last_edited=&#8221;on|tablet&#8221; module_alignment=&#8221;left&#8221; module_alignment_tablet=&#8221;center&#8221; module_alignment_phone=&#8221;center&#8221; module_alignment_last_edited=&#8221;on|desktop&#8221; global_colors_info=&#8221;{}&#8221;]<\/p>\n<h2><b>ESPLANADA PALHA VERDE<br \/>\n<\/b><\/h2>\n<p>A Esplanada Palha Verde, fica no prolongamento do Restaurante Farolin e destaca-se pela sua esplendida localiza\u00e7\u00e3o, imediatamente em cima do mar, e magn\u00edfica vista de toda a ba\u00eda de Santa Maria. \u00c9 considerada o melhor spot da ilha para um aperitivo ao p\u00f4r-do-sol assim como para come\u00e7ar o dia desfrutando das iguarias do nosso buffet de pequeno-almo\u00e7o. Aqui tamb\u00e9m os clientes podem almo\u00e7ar ou jantar, apreciando a vista de um oceano aberto, ao som das ondas[\/et_pb_text][\/et_pb_column][\/et_pb_row][\/et_pb_section][et_pb_section fb_built=&#8221;1&#8243; admin_label=&#8221;Section&#8221; module_id=&#8221;damfjord-beach-bar&#8221; _builder_version=&#8221;4.17.2&#8243; _module_preset=&#8221;default&#8221; background_enable_color=&#8221;off&#8221; width=&#8221;100%&#8221; width_tablet=&#8221;100%&#8221; width_phone=&#8221;100%&#8221; width_last_edited=&#8221;on|tablet&#8221; max_width=&#8221;100%&#8221; module_alignment=&#8221;center&#8221; custom_margin=&#8221;||||false|false&#8221; custom_padding=&#8221;14vh||14vh||true|false&#8221; hover_enabled=&#8221;0&#8243; da_popup_slug=&#8221;farolin&#8221; da_disable_devices=&#8221;off|off|off&#8221; global_colors_info=&#8221;{}&#8221; sticky_enabled=&#8221;0&#8243; da_is_popup=&#8221;off&#8221; da_exit_intent=&#8221;off&#8221; da_has_close=&#8221;on&#8221; da_alt_close=&#8221;off&#8221; da_dark_close=&#8221;off&#8221; da_not_modal=&#8221;on&#8221; da_is_singular=&#8221;off&#8221; da_with_loader=&#8221;off&#8221; da_has_shadow=&#8221;on&#8221;][et_pb_row column_structure=&#8221;1_3,2_3&#8243; use_custom_gutter=&#8221;on&#8221; gutter_width=&#8221;2&#8243; make_equal=&#8221;on&#8221; _builder_version=&#8221;4.16&#8243; _module_preset=&#8221;default&#8221; z_index=&#8221;100&#8243; width=&#8221;95%&#8221; width_tablet=&#8221;75%&#8221; width_phone=&#8221;90%&#8221; width_last_edited=&#8221;on|tablet&#8221; max_width=&#8221;1440px&#8221; custom_padding=&#8221;0px||0px||true|false&#8221; border_radii=&#8221;on|10px|10px|10px|10px&#8221; box_shadow_style=&#8221;preset1&#8243; global_colors_info=&#8221;{}&#8221;][et_pb_column type=&#8221;1_3&#8243; _builder_version=&#8221;4.16&#8243; _module_preset=&#8221;default&#8221; background_image=&#8221;https:\/\/www.odjodagua-hotel.com\/wp-content\/uploads\/2022\/01\/Damfjord-Beach-Bar-ristorante-odjo.jpg&#8221; custom_padding=&#8221;||||false|false&#8221; global_colors_info=&#8221;{}&#8221;][et_pb_divider show_divider=&#8221;off&#8221; _builder_version=&#8221;4.16&#8243; _module_preset=&#8221;default&#8221; custom_padding_tablet=&#8221;12vh||12vh||true|false&#8221; custom_padding_phone=&#8221;12vh||12vh||true|false&#8221; custom_padding_last_edited=&#8221;on|tablet&#8221; global_colors_info=&#8221;{}&#8221;][\/et_pb_divider][\/et_pb_column][et_pb_column type=&#8221;2_3&#8243; _builder_version=&#8221;4.16&#8243; _module_preset=&#8221;default&#8221; custom_padding=&#8221;2vw||2vw||true|false&#8221; global_colors_info=&#8221;{}&#8221;][et_pb_text _builder_version=&#8221;4.16&#8243; _module_preset=&#8221;default&#8221; header_text_color=&#8221;#8a8489&#8243; header_2_text_color=&#8221;#67553c&#8221; width=&#8221;95%&#8221; width_tablet=&#8221;95%&#8221; width_phone=&#8221;95%&#8221; width_last_edited=&#8221;on|tablet&#8221; module_alignment=&#8221;left&#8221; module_alignment_tablet=&#8221;center&#8221; module_alignment_phone=&#8221;center&#8221; module_alignment_last_edited=&#8221;on|tablet&#8221; global_colors_info=&#8221;{}&#8221;]<\/p>\n<h2><b>DAMFJORD BEACH BAR<\/b><\/h2>\n<p>O nosso bar de praia, especializado em sumos tropicais, oferece aos clientes um men\u00fa variado de bebidas e de pratos de prepara\u00e7\u00e3o r\u00e1pida, com destaque especial para os deliciosos wraps e saladas de diferentes sabores. O espa\u00e7o \u00e9 muito c\u00f3modo e relaxante, mais uma vez oferecendo uma espectacular vista aos clientes em qualquer momento do dia. A piscina infinita acrescenta ainda mais charme ao Damfjord Beach Bar, sendo uma das melhores escolhas para desfrutar de um dia de sol e bem-estar. Pode tamb\u00e9m optar por vir a uma das nossas animadas noites de Barbecue, muito solicitadas, n\u00e3o apenas por clientes do hotel, dado o din\u00e2mico programa de duas horas, que inclui m\u00fasica ao vivo, dan\u00e7a t\u00edpica e ainda a possibilidade de praticar um pouco de pesca artesanal.Reservas para o jantar BBQ s\u00e3o feitas atrav\u00e9s da recep\u00e7\u00e3o. O Damfjord Beach Bar \u00e9 um excelente espa\u00e7o aberto que pode acolher jantares privados a partir de 20 pessoas e outros eventos, e tem sido palco de casamentos deslumbrantes e muito rom\u00e2nticos e ainda de festas de anivers\u00e1rio, eventos corporativos, entre outros, com a possibilidade de o cliente optar por m\u00fasica ao vivo e decora\u00e7\u00e3o personalizada.[\/et_pb_text][\/et_pb_column][\/et_pb_row][\/et_pb_section]<\/p>\n","protected":false},"excerpt":{"rendered":"<p>RestaurantesFAROLINESPLANADA PALHA VERDEDAMFJORD BEACH BARFAROLIN O Farolin, especializado em peixe fresco, frutos do mar e pratos tradicionais, como a Cachupa Rica, \u00e9 um restaurante panor\u00e2mico coberto, sem janelas, de onde os nossos clientes podem desfrutar de uma magn\u00edfica vista sobre a praia e a Ba\u00eda de Santa Maria. Todas as noites \u00e0 magia do espa\u00e7o [&hellip;]<\/p>\n","protected":false},"author":16,"featured_media":0,"parent":0,"menu_order":0,"comment_status":"closed","ping_status":"closed","template":"","meta":{"_et_pb_use_builder":"on","_et_pb_old_content":"","_et_gb_content_width":"","footnotes":""},"class_list":["post-1864","page","type-page","status-publish","hentry"],"yoast_head":"<!-- This site is optimized with the Yoast SEO plugin v25.4 - https:\/\/yoast.com\/wordpress\/plugins\/seo\/ -->\n<title>Restaurantes | Odjo d&#039;agua Hotel<\/title>\n<meta name=\"description\" content=\"Sinta um v\u00e1cuo em seu est\u00f4mago? Ben 4 restaurantes s\u00e3o prensenti em nossa estrutura!\" \/>\n<meta name=\"robots\" content=\"index, follow, max-snippet:-1, max-image-preview:large, max-video-preview:-1\" \/>\n<link rel=\"canonical\" href=\"https:\/\/www.odjodagua-hotel.com\/restaurants\/\" \/>\n<meta property=\"og:locale\" content=\"pt_PT\" \/>\n<meta property=\"og:type\" content=\"article\" \/>\n<meta property=\"og:title\" content=\"Restaurantes | Odjo d&#039;agua Hotel\" \/>\n<meta property=\"og:description\" content=\"Sinta um v\u00e1cuo em seu est\u00f4mago? Ben 4 restaurantes s\u00e3o prensenti em nossa estrutura!\" \/>\n<meta property=\"og:url\" content=\"https:\/\/www.odjodagua-hotel.com\/restaurants\/\" \/>\n<meta property=\"og:site_name\" content=\"Odjo d&#039;Agua\" \/>\n<meta property=\"article:modified_time\" content=\"2022-04-27T16:11:54+00:00\" \/>\n<meta name=\"twitter:card\" content=\"summary_large_image\" \/>\n<meta name=\"twitter:label1\" content=\"Tempo estimado de leitura\" \/>\n\t<meta name=\"twitter:data1\" content=\"10 minutos\" \/>\n<script type=\"application\/ld+json\" class=\"yoast-schema-graph\">{\"@context\":\"https:\/\/schema.org\",\"@graph\":[{\"@type\":\"WebPage\",\"@id\":\"https:\/\/www.odjodagua-hotel.com\/restaurants\/\",\"url\":\"https:\/\/www.odjodagua-hotel.com\/restaurants\/\",\"name\":\"Restaurantes | Odjo d'agua Hotel\",\"isPartOf\":{\"@id\":\"https:\/\/www.odjodagua-hotel.com\/#website\"},\"datePublished\":\"2022-02-16T13:25:35+00:00\",\"dateModified\":\"2022-04-27T16:11:54+00:00\",\"description\":\"Sinta um v\u00e1cuo em seu est\u00f4mago? Ben 4 restaurantes s\u00e3o prensenti em nossa estrutura!\",\"breadcrumb\":{\"@id\":\"https:\/\/www.odjodagua-hotel.com\/restaurants\/#breadcrumb\"},\"inLanguage\":\"pt-PT\",\"potentialAction\":[{\"@type\":\"ReadAction\",\"target\":[\"https:\/\/www.odjodagua-hotel.com\/restaurants\/\"]}]},{\"@type\":\"BreadcrumbList\",\"@id\":\"https:\/\/www.odjodagua-hotel.com\/restaurants\/#breadcrumb\",\"itemListElement\":[{\"@type\":\"ListItem\",\"position\":1,\"name\":\"Home\",\"item\":\"https:\/\/www.odjodagua-hotel.com\/\"},{\"@type\":\"ListItem\",\"position\":2,\"name\":\"Restaurantes\"}]},{\"@type\":\"WebSite\",\"@id\":\"https:\/\/www.odjodagua-hotel.com\/#website\",\"url\":\"https:\/\/www.odjodagua-hotel.com\/\",\"name\":\"Odjo d&#039;Agua\",\"description\":\"Best place to stay\",\"publisher\":{\"@id\":\"https:\/\/www.odjodagua-hotel.com\/#organization\"},\"potentialAction\":[{\"@type\":\"SearchAction\",\"target\":{\"@type\":\"EntryPoint\",\"urlTemplate\":\"https:\/\/www.odjodagua-hotel.com\/?s={search_term_string}\"},\"query-input\":{\"@type\":\"PropertyValueSpecification\",\"valueRequired\":true,\"valueName\":\"search_term_string\"}}],\"inLanguage\":\"pt-PT\"},{\"@type\":\"Organization\",\"@id\":\"https:\/\/www.odjodagua-hotel.com\/#organization\",\"name\":\"Odjo d'agua Hotel\",\"url\":\"https:\/\/www.odjodagua-hotel.com\/\",\"logo\":{\"@type\":\"ImageObject\",\"inLanguage\":\"pt-PT\",\"@id\":\"https:\/\/www.odjodagua-hotel.com\/#\/schema\/logo\/image\/\",\"url\":\"https:\/\/www.odjodagua-hotel.com\/wp-content\/uploads\/2022\/04\/Logo-Odjo-d-agua.png\",\"contentUrl\":\"https:\/\/www.odjodagua-hotel.com\/wp-content\/uploads\/2022\/04\/Logo-Odjo-d-agua.png\",\"width\":256,\"height\":256,\"caption\":\"Odjo d'agua Hotel\"},\"image\":{\"@id\":\"https:\/\/www.odjodagua-hotel.com\/#\/schema\/logo\/image\/\"}}]}<\/script>\n<!-- \/ Yoast SEO plugin. -->","yoast_head_json":{"title":"Restaurantes | Odjo d'agua Hotel","description":"Sinta um v\u00e1cuo em seu est\u00f4mago? Ben 4 restaurantes s\u00e3o prensenti em nossa estrutura!","robots":{"index":"index","follow":"follow","max-snippet":"max-snippet:-1","max-image-preview":"max-image-preview:large","max-video-preview":"max-video-preview:-1"},"canonical":"https:\/\/www.odjodagua-hotel.com\/restaurants\/","og_locale":"pt_PT","og_type":"article","og_title":"Restaurantes | Odjo d'agua Hotel","og_description":"Sinta um v\u00e1cuo em seu est\u00f4mago? Ben 4 restaurantes s\u00e3o prensenti em nossa estrutura!","og_url":"https:\/\/www.odjodagua-hotel.com\/restaurants\/","og_site_name":"Odjo d&#039;Agua","article_modified_time":"2022-04-27T16:11:54+00:00","twitter_card":"summary_large_image","twitter_misc":{"Tempo estimado de leitura":"10 minutos"},"schema":{"@context":"https:\/\/schema.org","@graph":[{"@type":"WebPage","@id":"https:\/\/www.odjodagua-hotel.com\/restaurants\/","url":"https:\/\/www.odjodagua-hotel.com\/restaurants\/","name":"Restaurantes | Odjo d'agua Hotel","isPartOf":{"@id":"https:\/\/www.odjodagua-hotel.com\/#website"},"datePublished":"2022-02-16T13:25:35+00:00","dateModified":"2022-04-27T16:11:54+00:00","description":"Sinta um v\u00e1cuo em seu est\u00f4mago? Ben 4 restaurantes s\u00e3o prensenti em nossa estrutura!","breadcrumb":{"@id":"https:\/\/www.odjodagua-hotel.com\/restaurants\/#breadcrumb"},"inLanguage":"pt-PT","potentialAction":[{"@type":"ReadAction","target":["https:\/\/www.odjodagua-hotel.com\/restaurants\/"]}]},{"@type":"BreadcrumbList","@id":"https:\/\/www.odjodagua-hotel.com\/restaurants\/#breadcrumb","itemListElement":[{"@type":"ListItem","position":1,"name":"Home","item":"https:\/\/www.odjodagua-hotel.com\/"},{"@type":"ListItem","position":2,"name":"Restaurantes"}]},{"@type":"WebSite","@id":"https:\/\/www.odjodagua-hotel.com\/#website","url":"https:\/\/www.odjodagua-hotel.com\/","name":"Odjo d&#039;Agua","description":"Best place to stay","publisher":{"@id":"https:\/\/www.odjodagua-hotel.com\/#organization"},"potentialAction":[{"@type":"SearchAction","target":{"@type":"EntryPoint","urlTemplate":"https:\/\/www.odjodagua-hotel.com\/?s={search_term_string}"},"query-input":{"@type":"PropertyValueSpecification","valueRequired":true,"valueName":"search_term_string"}}],"inLanguage":"pt-PT"},{"@type":"Organization","@id":"https:\/\/www.odjodagua-hotel.com\/#organization","name":"Odjo d'agua Hotel","url":"https:\/\/www.odjodagua-hotel.com\/","logo":{"@type":"ImageObject","inLanguage":"pt-PT","@id":"https:\/\/www.odjodagua-hotel.com\/#\/schema\/logo\/image\/","url":"https:\/\/www.odjodagua-hotel.com\/wp-content\/uploads\/2022\/04\/Logo-Odjo-d-agua.png","contentUrl":"https:\/\/www.odjodagua-hotel.com\/wp-content\/uploads\/2022\/04\/Logo-Odjo-d-agua.png","width":256,"height":256,"caption":"Odjo d'agua Hotel"},"image":{"@id":"https:\/\/www.odjodagua-hotel.com\/#\/schema\/logo\/image\/"}}]}},"_links":{"self":[{"href":"https:\/\/www.odjodagua-hotel.com\/pt-pt\/wp-json\/wp\/v2\/pages\/1864","targetHints":{"allow":["GET"]}}],"collection":[{"href":"https:\/\/www.odjodagua-hotel.com\/pt-pt\/wp-json\/wp\/v2\/pages"}],"about":[{"href":"https:\/\/www.odjodagua-hotel.com\/pt-pt\/wp-json\/wp\/v2\/types\/page"}],"author":[{"embeddable":true,"href":"https:\/\/www.odjodagua-hotel.com\/pt-pt\/wp-json\/wp\/v2\/users\/16"}],"replies":[{"embeddable":true,"href":"https:\/\/www.odjodagua-hotel.com\/pt-pt\/wp-json\/wp\/v2\/comments?post=1864"}],"version-history":[{"count":4,"href":"https:\/\/www.odjodagua-hotel.com\/pt-pt\/wp-json\/wp\/v2\/pages\/1864\/revisions"}],"predecessor-version":[{"id":2237,"href":"https:\/\/www.odjodagua-hotel.com\/pt-pt\/wp-json\/wp\/v2\/pages\/1864\/revisions\/2237"}],"wp:attachment":[{"href":"https:\/\/www.odjodagua-hotel.com\/pt-pt\/wp-json\/wp\/v2\/media?parent=1864"}],"curies":[{"name":"wp","href":"https:\/\/api.w.org\/{rel}","templated":true}]}}