{"id":2332,"date":"2022-05-12T11:17:10","date_gmt":"2022-05-12T09:17:10","guid":{"rendered":"https:\/\/www.odjodagua-hotel.com\/plage\/"},"modified":"2022-05-12T12:25:47","modified_gmt":"2022-05-12T10:25:47","slug":"plage","status":"publish","type":"page","link":"https:\/\/www.odjodagua-hotel.com\/fr\/plage\/","title":{"rendered":"Plage"},"content":{"rendered":"<p>[et_pb_section fb_built=\u00a0\u00bb1&Prime; admin_label=\u00a0\u00bbsection\u00a0\u00bb _builder_version=\u00a0\u00bb4.17.3&Prime; use_background_color_gradient=\u00a0\u00bbon\u00a0\u00bb background_color_gradient_stops=\u00a0\u00bbrgba(0,0,0,0.4) 0%|rgba(0,0,0,0.3) 100%\u00a0\u00bb background_color_gradient_overlays_image=\u00a0\u00bbon\u00a0\u00bb background_color_gradient_start=\u00a0\u00bbrgba(0,0,0,0.4)\u00a0\u00bb background_color_gradient_end=\u00a0\u00bbrgba(0,0,0,0.3)\u00a0\u00bb background_image=\u00a0\u00bbhttps:\/\/www.odjodagua-hotel.com\/wp-content\/uploads\/2021\/12\/Praja.jpg\u00a0\u00bb positioning=\u00a0\u00bbnone\u00a0\u00bb max_width=\u00a0\u00bb100%\u00a0\u00bb module_alignment=\u00a0\u00bbcenter\u00a0\u00bb min_height=\u00a0\u00bb600px\u00a0\u00bb min_height_tablet=\u00a0\u00bb500px\u00a0\u00bb min_height_phone=\u00a0\u00bb500px\u00a0\u00bb min_height_last_edited=\u00a0\u00bbon|phone\u00a0\u00bb hover_enabled=\u00a0\u00bb0&Prime; custom_css_main_element=\u00a0\u00bbdisplay:flex;||align-items:center;\u00a0\u00bb da_disable_devices=\u00a0\u00bboff|off|off\u00a0\u00bb global_colors_info=\u00a0\u00bb{}\u00a0\u00bb theme_builder_area=\u00a0\u00bbpost_content\u00a0\u00bb title_text=\u00a0\u00bbPraja\u00a0\u00bb background_position=\u00a0\u00bbcenter_right\u00a0\u00bb sticky_enabled=\u00a0\u00bb0&Prime; da_is_popup=\u00a0\u00bboff\u00a0\u00bb da_exit_intent=\u00a0\u00bboff\u00a0\u00bb da_has_close=\u00a0\u00bbon\u00a0\u00bb da_alt_close=\u00a0\u00bboff\u00a0\u00bb da_dark_close=\u00a0\u00bboff\u00a0\u00bb da_not_modal=\u00a0\u00bbon\u00a0\u00bb da_is_singular=\u00a0\u00bboff\u00a0\u00bb da_with_loader=\u00a0\u00bboff\u00a0\u00bb da_has_shadow=\u00a0\u00bbon\u00a0\u00bb][et_pb_row _builder_version=\u00a0\u00bb4.16&Prime; _module_preset=\u00a0\u00bbdefault\u00a0\u00bb width=\u00a0\u00bb95%\u00a0\u00bb custom_margin_tablet=\u00a0\u00bb10vw||10vw||true|false\u00a0\u00bb custom_margin_phone=\u00a0\u00bb16vw||16vw||true|false\u00a0\u00bb custom_margin_last_edited=\u00a0\u00bbon|phone\u00a0\u00bb custom_padding=\u00a0\u00bb||||false|false\u00a0\u00bb global_colors_info=\u00a0\u00bb{}\u00a0\u00bb theme_builder_area=\u00a0\u00bbpost_content\u00a0\u00bb][et_pb_column type=\u00a0\u00bb4_4&Prime; _builder_version=\u00a0\u00bb4.16&Prime; _module_preset=\u00a0\u00bbdefault\u00a0\u00bb global_colors_info=\u00a0\u00bb{}\u00a0\u00bb theme_builder_area=\u00a0\u00bbpost_content\u00a0\u00bb][et_pb_text _builder_version=\u00a0\u00bb4.17.3&Prime; _module_preset=\u00a0\u00bbdefault\u00a0\u00bb text_font=\u00a0\u00bb|600|||||||\u00a0\u00bb text_text_color=\u00a0\u00bb#FFFFFF\u00a0\u00bb header_font=\u00a0\u00bb||||||||\u00a0\u00bb header_text_align=\u00a0\u00bbcenter\u00a0\u00bb header_text_color=\u00a0\u00bb#FFFFFF\u00a0\u00bb header_font_size=\u00a0\u00bb120px\u00a0\u00bb header_line_height=\u00a0\u00bb0.8em\u00a0\u00bb text_orientation=\u00a0\u00bbcenter\u00a0\u00bb custom_margin=\u00a0\u00bb||0px||false|false\u00a0\u00bb custom_padding=\u00a0\u00bb||||true|false\u00a0\u00bb hover_enabled=\u00a0\u00bb0&Prime; header_font_size_tablet=\u00a0\u00bb13vw\u00a0\u00bb header_font_size_phone=\u00a0\u00bb16vw\u00a0\u00bb header_font_size_last_edited=\u00a0\u00bbon|desktop\u00a0\u00bb text_text_shadow_style=\u00a0\u00bbpreset1&Prime; global_colors_info=\u00a0\u00bb{}\u00a0\u00bb theme_builder_area=\u00a0\u00bbpost_content\u00a0\u00bb sticky_enabled=\u00a0\u00bb0&Prime;]<\/p>\n<h1>Plage<\/h1>\n<p>[\/et_pb_text][\/et_pb_column][\/et_pb_row][\/et_pb_section][et_pb_section fb_built=\u00a0\u00bb1&Prime; _builder_version=\u00a0\u00bb4.16&Prime; _module_preset=\u00a0\u00bbdefault\u00a0\u00bb custom_padding=\u00a0\u00bb||||false|false\u00a0\u00bb da_disable_devices=\u00a0\u00bboff|off|off\u00a0\u00bb global_colors_info=\u00a0\u00bb{}\u00a0\u00bb theme_builder_area=\u00a0\u00bbpost_content\u00a0\u00bb da_is_popup=\u00a0\u00bboff\u00a0\u00bb da_exit_intent=\u00a0\u00bboff\u00a0\u00bb da_has_close=\u00a0\u00bbon\u00a0\u00bb da_alt_close=\u00a0\u00bboff\u00a0\u00bb da_dark_close=\u00a0\u00bboff\u00a0\u00bb da_not_modal=\u00a0\u00bbon\u00a0\u00bb da_is_singular=\u00a0\u00bboff\u00a0\u00bb da_with_loader=\u00a0\u00bboff\u00a0\u00bb da_has_shadow=\u00a0\u00bbon\u00a0\u00bb][et_pb_row use_custom_gutter=\u00a0\u00bbon\u00a0\u00bb gutter_width=\u00a0\u00bb2&Prime; _builder_version=\u00a0\u00bb4.16&Prime; _module_preset=\u00a0\u00bbdefault\u00a0\u00bb max_width=\u00a0\u00bb1440px\u00a0\u00bb module_alignment=\u00a0\u00bbcenter\u00a0\u00bb custom_padding=\u00a0\u00bb0px||0px||true|false\u00a0\u00bb global_colors_info=\u00a0\u00bb{}\u00a0\u00bb theme_builder_area=\u00a0\u00bbpost_content\u00a0\u00bb][et_pb_column type=\u00a0\u00bb4_4&Prime; _builder_version=\u00a0\u00bb4.16&Prime; _module_preset=\u00a0\u00bbdefault\u00a0\u00bb global_colors_info=\u00a0\u00bb{}\u00a0\u00bb theme_builder_area=\u00a0\u00bbpost_content\u00a0\u00bb][et_pb_text _builder_version=\u00a0\u00bb4.17.3&Prime; _module_preset=\u00a0\u00bbdefault\u00a0\u00bb header_2_font=\u00a0\u00bb|600||on|||||\u00a0\u00bb header_2_text_align=\u00a0\u00bbleft\u00a0\u00bb header_2_text_color=\u00a0\u00bb#67553c\u00a0\u00bb header_2_font_size=\u00a0\u00bb35px\u00a0\u00bb header_2_letter_spacing=\u00a0\u00bb2px\u00a0\u00bb hover_enabled=\u00a0\u00bb0&Prime; global_colors_info=\u00a0\u00bb{}\u00a0\u00bb theme_builder_area=\u00a0\u00bbpost_content\u00a0\u00bb sticky_enabled=\u00a0\u00bb0&Prime;]Odjo d&rsquo;\u00e1gua est situ\u00e9 sur la plage de Santa Maria, consid\u00e9r\u00e9e comme la meilleure et la plus belle du Cap-Vert. Avec une longueur approximative de 8 km de sable blanc et fin en parfaite combinaison avec une eau cristalline et une temp\u00e9rature de l&rsquo;oc\u00e9an allant de chaude \u00e0 chaude toute l&rsquo;ann\u00e9e.<\/p>\n<p>La plage de Santa Maria est l&rsquo;une des plus grandes attractions de l&rsquo;\u00eele, constamment r\u00e9f\u00e9renc\u00e9e et mise en valeur sur les sites touristiques internationaux. Cependant, la ville de Santa Maria est entour\u00e9e de magnifiques plages telles que Ant\u00f3nio de Sousa, Cabe\u00e7a de Salinas (plage de Kite) et Ponta Preta, id\u00e9ales pour les amateurs de sports nautiques, visit\u00e9es chaque ann\u00e9e par des milliers de windsurf, surf et kitesurf sp\u00e9cial.[\/et_pb_text][\/et_pb_column][\/et_pb_row][\/et_pb_section]<\/p>\n","protected":false},"excerpt":{"rendered":"<p>PlageOdjo d&rsquo;\u00e1gua est situ\u00e9 sur la plage de Santa Maria, consid\u00e9r\u00e9e comme la meilleure et la plus belle du Cap-Vert. Avec une longueur approximative de 8 km de sable blanc et fin en parfaite combinaison avec une eau cristalline et une temp\u00e9rature de l&rsquo;oc\u00e9an allant de chaude \u00e0 chaude toute l&rsquo;ann\u00e9e. La plage de Santa [&hellip;]<\/p>\n","protected":false},"author":16,"featured_media":0,"parent":0,"menu_order":0,"comment_status":"closed","ping_status":"closed","template":"","meta":{"_et_pb_use_builder":"on","_et_pb_old_content":"","_et_gb_content_width":"","footnotes":""},"class_list":["post-2332","page","type-page","status-publish","hentry"],"yoast_head":"<!-- This site is optimized with the Yoast SEO plugin v25.4 - https:\/\/yoast.com\/wordpress\/plugins\/seo\/ -->\n<title>Plage | Odjo d&#039;agua Hotel<\/title>\n<meta name=\"description\" content=\"L\u2019h\u00f4tel est situ\u00e9 pr\u00e8s de l\u2019une des plus belles plages du Cap-Vert. Ne manquez pas l\u2019occasion de la voir, r\u00e9servez une chambre chez nous et profitez de la plage de Santa Maria.\" \/>\n<meta name=\"robots\" content=\"index, follow, max-snippet:-1, max-image-preview:large, max-video-preview:-1\" \/>\n<link rel=\"canonical\" href=\"https:\/\/www.odjodagua-hotel.com\/beach\/\" \/>\n<meta property=\"og:locale\" content=\"fr_FR\" \/>\n<meta property=\"og:type\" content=\"article\" \/>\n<meta property=\"og:title\" content=\"Plage | Odjo d&#039;agua Hotel\" \/>\n<meta property=\"og:description\" content=\"L\u2019h\u00f4tel est situ\u00e9 pr\u00e8s de l\u2019une des plus belles plages du Cap-Vert. Ne manquez pas l\u2019occasion de la voir, r\u00e9servez une chambre chez nous et profitez de la plage de Santa Maria.\" \/>\n<meta property=\"og:url\" content=\"https:\/\/www.odjodagua-hotel.com\/beach\/\" \/>\n<meta property=\"og:site_name\" content=\"Odjo d&#039;\u00e0gua\" \/>\n<meta property=\"article:modified_time\" content=\"2022-05-12T10:25:47+00:00\" \/>\n<meta name=\"twitter:card\" content=\"summary_large_image\" \/>\n<meta name=\"twitter:label1\" content=\"Dur\u00e9e de lecture estim\u00e9e\" \/>\n\t<meta name=\"twitter:data1\" content=\"3 minutes\" \/>\n<script type=\"application\/ld+json\" class=\"yoast-schema-graph\">{\"@context\":\"https:\/\/schema.org\",\"@graph\":[{\"@type\":\"WebPage\",\"@id\":\"https:\/\/www.odjodagua-hotel.com\/beach\/\",\"url\":\"https:\/\/www.odjodagua-hotel.com\/beach\/\",\"name\":\"Plage | Odjo d'agua Hotel\",\"isPartOf\":{\"@id\":\"https:\/\/www.odjodagua-hotel.com\/#website\"},\"datePublished\":\"2022-05-12T09:17:10+00:00\",\"dateModified\":\"2022-05-12T10:25:47+00:00\",\"description\":\"L\u2019h\u00f4tel est situ\u00e9 pr\u00e8s de l\u2019une des plus belles plages du Cap-Vert. Ne manquez pas l\u2019occasion de la voir, r\u00e9servez une chambre chez nous et profitez de la plage de Santa Maria.\",\"breadcrumb\":{\"@id\":\"https:\/\/www.odjodagua-hotel.com\/beach\/#breadcrumb\"},\"inLanguage\":\"fr-FR\",\"potentialAction\":[{\"@type\":\"ReadAction\",\"target\":[\"https:\/\/www.odjodagua-hotel.com\/beach\/\"]}]},{\"@type\":\"BreadcrumbList\",\"@id\":\"https:\/\/www.odjodagua-hotel.com\/beach\/#breadcrumb\",\"itemListElement\":[{\"@type\":\"ListItem\",\"position\":1,\"name\":\"Home\",\"item\":\"https:\/\/www.odjodagua-hotel.com\/\"},{\"@type\":\"ListItem\",\"position\":2,\"name\":\"Plage\"}]},{\"@type\":\"WebSite\",\"@id\":\"https:\/\/www.odjodagua-hotel.com\/#website\",\"url\":\"https:\/\/www.odjodagua-hotel.com\/\",\"name\":\"Odjo d&#039;\u00e0gua\",\"description\":\"Hotel de Charme - Cabo Verde\",\"publisher\":{\"@id\":\"https:\/\/www.odjodagua-hotel.com\/#organization\"},\"potentialAction\":[{\"@type\":\"SearchAction\",\"target\":{\"@type\":\"EntryPoint\",\"urlTemplate\":\"https:\/\/www.odjodagua-hotel.com\/?s={search_term_string}\"},\"query-input\":{\"@type\":\"PropertyValueSpecification\",\"valueRequired\":true,\"valueName\":\"search_term_string\"}}],\"inLanguage\":\"fr-FR\"},{\"@type\":\"Organization\",\"@id\":\"https:\/\/www.odjodagua-hotel.com\/#organization\",\"name\":\"Odjo d'agua Hotel\",\"url\":\"https:\/\/www.odjodagua-hotel.com\/\",\"logo\":{\"@type\":\"ImageObject\",\"inLanguage\":\"fr-FR\",\"@id\":\"https:\/\/www.odjodagua-hotel.com\/#\/schema\/logo\/image\/\",\"url\":\"https:\/\/www.odjodagua-hotel.com\/wp-content\/uploads\/2022\/04\/Logo-Odjo-d-agua.png\",\"contentUrl\":\"https:\/\/www.odjodagua-hotel.com\/wp-content\/uploads\/2022\/04\/Logo-Odjo-d-agua.png\",\"width\":256,\"height\":256,\"caption\":\"Odjo d'agua Hotel\"},\"image\":{\"@id\":\"https:\/\/www.odjodagua-hotel.com\/#\/schema\/logo\/image\/\"}}]}<\/script>\n<!-- \/ Yoast SEO plugin. -->","yoast_head_json":{"title":"Plage | Odjo d'agua Hotel","description":"L\u2019h\u00f4tel est situ\u00e9 pr\u00e8s de l\u2019une des plus belles plages du Cap-Vert. Ne manquez pas l\u2019occasion de la voir, r\u00e9servez une chambre chez nous et profitez de la plage de Santa Maria.","robots":{"index":"index","follow":"follow","max-snippet":"max-snippet:-1","max-image-preview":"max-image-preview:large","max-video-preview":"max-video-preview:-1"},"canonical":"https:\/\/www.odjodagua-hotel.com\/beach\/","og_locale":"fr_FR","og_type":"article","og_title":"Plage | Odjo d'agua Hotel","og_description":"L\u2019h\u00f4tel est situ\u00e9 pr\u00e8s de l\u2019une des plus belles plages du Cap-Vert. Ne manquez pas l\u2019occasion de la voir, r\u00e9servez une chambre chez nous et profitez de la plage de Santa Maria.","og_url":"https:\/\/www.odjodagua-hotel.com\/beach\/","og_site_name":"Odjo d&#039;\u00e0gua","article_modified_time":"2022-05-12T10:25:47+00:00","twitter_card":"summary_large_image","twitter_misc":{"Dur\u00e9e de lecture estim\u00e9e":"3 minutes"},"schema":{"@context":"https:\/\/schema.org","@graph":[{"@type":"WebPage","@id":"https:\/\/www.odjodagua-hotel.com\/beach\/","url":"https:\/\/www.odjodagua-hotel.com\/beach\/","name":"Plage | Odjo d'agua Hotel","isPartOf":{"@id":"https:\/\/www.odjodagua-hotel.com\/#website"},"datePublished":"2022-05-12T09:17:10+00:00","dateModified":"2022-05-12T10:25:47+00:00","description":"L\u2019h\u00f4tel est situ\u00e9 pr\u00e8s de l\u2019une des plus belles plages du Cap-Vert. Ne manquez pas l\u2019occasion de la voir, r\u00e9servez une chambre chez nous et profitez de la plage de Santa Maria.","breadcrumb":{"@id":"https:\/\/www.odjodagua-hotel.com\/beach\/#breadcrumb"},"inLanguage":"fr-FR","potentialAction":[{"@type":"ReadAction","target":["https:\/\/www.odjodagua-hotel.com\/beach\/"]}]},{"@type":"BreadcrumbList","@id":"https:\/\/www.odjodagua-hotel.com\/beach\/#breadcrumb","itemListElement":[{"@type":"ListItem","position":1,"name":"Home","item":"https:\/\/www.odjodagua-hotel.com\/"},{"@type":"ListItem","position":2,"name":"Plage"}]},{"@type":"WebSite","@id":"https:\/\/www.odjodagua-hotel.com\/#website","url":"https:\/\/www.odjodagua-hotel.com\/","name":"Odjo d&#039;\u00e0gua","description":"Hotel de Charme - Cabo Verde","publisher":{"@id":"https:\/\/www.odjodagua-hotel.com\/#organization"},"potentialAction":[{"@type":"SearchAction","target":{"@type":"EntryPoint","urlTemplate":"https:\/\/www.odjodagua-hotel.com\/?s={search_term_string}"},"query-input":{"@type":"PropertyValueSpecification","valueRequired":true,"valueName":"search_term_string"}}],"inLanguage":"fr-FR"},{"@type":"Organization","@id":"https:\/\/www.odjodagua-hotel.com\/#organization","name":"Odjo d'agua Hotel","url":"https:\/\/www.odjodagua-hotel.com\/","logo":{"@type":"ImageObject","inLanguage":"fr-FR","@id":"https:\/\/www.odjodagua-hotel.com\/#\/schema\/logo\/image\/","url":"https:\/\/www.odjodagua-hotel.com\/wp-content\/uploads\/2022\/04\/Logo-Odjo-d-agua.png","contentUrl":"https:\/\/www.odjodagua-hotel.com\/wp-content\/uploads\/2022\/04\/Logo-Odjo-d-agua.png","width":256,"height":256,"caption":"Odjo d'agua Hotel"},"image":{"@id":"https:\/\/www.odjodagua-hotel.com\/#\/schema\/logo\/image\/"}}]}},"_links":{"self":[{"href":"https:\/\/www.odjodagua-hotel.com\/fr\/wp-json\/wp\/v2\/pages\/2332","targetHints":{"allow":["GET"]}}],"collection":[{"href":"https:\/\/www.odjodagua-hotel.com\/fr\/wp-json\/wp\/v2\/pages"}],"about":[{"href":"https:\/\/www.odjodagua-hotel.com\/fr\/wp-json\/wp\/v2\/types\/page"}],"author":[{"embeddable":true,"href":"https:\/\/www.odjodagua-hotel.com\/fr\/wp-json\/wp\/v2\/users\/16"}],"replies":[{"embeddable":true,"href":"https:\/\/www.odjodagua-hotel.com\/fr\/wp-json\/wp\/v2\/comments?post=2332"}],"version-history":[{"count":2,"href":"https:\/\/www.odjodagua-hotel.com\/fr\/wp-json\/wp\/v2\/pages\/2332\/revisions"}],"predecessor-version":[{"id":2334,"href":"https:\/\/www.odjodagua-hotel.com\/fr\/wp-json\/wp\/v2\/pages\/2332\/revisions\/2334"}],"wp:attachment":[{"href":"https:\/\/www.odjodagua-hotel.com\/fr\/wp-json\/wp\/v2\/media?parent=2332"}],"curies":[{"name":"wp","href":"https:\/\/api.w.org\/{rel}","templated":true}]}}